{"id":826,"date":"2020-11-02T20:29:09","date_gmt":"2020-11-02T20:29:09","guid":{"rendered":"http:\/\/ignitecomsch.wpengine.com\/?page_id=826"},"modified":"2024-11-19T20:48:42","modified_gmt":"2024-11-19T20:48:42","slug":"acerca-de","status":"publish","type":"page","link":"https:\/\/ignitecommunityschools.com\/es\/about\/","title":{"rendered":"Acerca de"},"content":{"rendered":"<div class=\"wp-block-toolset-blocks-container tb-container\" data-toolset-blocks-container=\"b78d05b60b21a57923df2d6858474864\">\n<h1 class=\"tb-heading has-text-color\" data-toolset-blocks-heading=\"926c1970f583c63c0cad7db66a716a46\" data-last-update=\"1.4\"><strong>ACERCA DE LAS ESCUELAS COMUNITARIAS IGNITE<\/strong><\/h1>\n<\/div>\n\n\n\n<div class=\"wp-block-toolset-blocks-container tb-container\" data-toolset-blocks-container=\"f7450926bc7f53b58f36aced043e5f6d\">\n<div class=\"wp-block-toolset-blocks-grid tb-grid\" data-toolset-blocks-grid=\"d065010a79b2211111a6ced5f47eb389\">\n<div class=\"wp-block-toolset-blocks-grid-column tb-grid-column tb-grid-align-top\" data-toolset-blocks-grid-column=\"3034fbe886c11054e95b46b09d3e4112\">\n<figure class=\"wp-block-image size-large\"><img loading=\"lazy\" decoding=\"async\" width=\"1024\" height=\"683\" src=\"https:\/\/ignitecommunityschools.com\/wp-content\/uploads\/2023\/02\/101921-responsiveed-ftw-kathytran-5886-web-1024x683.webp\" alt=\"\" class=\"wp-image-2125\" srcset=\"https:\/\/ignitecommunityschools.com\/wp-content\/uploads\/2023\/02\/101921-responsiveed-ftw-kathytran-5886-web-1024x683.webp 1024w, https:\/\/ignitecommunityschools.com\/wp-content\/uploads\/2023\/02\/101921-responsiveed-ftw-kathytran-5886-web-300x200.webp 300w, https:\/\/ignitecommunityschools.com\/wp-content\/uploads\/2023\/02\/101921-responsiveed-ftw-kathytran-5886-web-768x512.webp 768w, https:\/\/ignitecommunityschools.com\/wp-content\/uploads\/2023\/02\/101921-responsiveed-ftw-kathytran-5886-web-1536x1025.webp 1536w, https:\/\/ignitecommunityschools.com\/wp-content\/uploads\/2023\/02\/101921-responsiveed-ftw-kathytran-5886-web.webp 2000w\" sizes=\"auto, (max-width: 1024px) 100vw, 1024px\" \/><\/figure>\n<\/div>\n\n\n\n<div class=\"wp-block-toolset-blocks-grid-column tb-grid-column tb-grid-align-center\" data-toolset-blocks-grid-column=\"f586ff7bfe1d7317c63162ec7b7039ed\">\n<div class=\"tb-fields-and-text\" data-toolset-blocks-fields-and-text=\"6d43a2cd350329314d4ba6f7003d77bf\"><p>Ignite Community Schools se fund\u00f3 en 2017 dentro de la familia de escuelas Responsive Education Solutions. Responsive Education Solutions se fund\u00f3 en 1998 con la misi\u00f3n de brindar esperanza a los estudiantes mediante opciones educativas que promueven una sociedad libre y cultivan la excelencia moral y acad\u00e9mica. Desde sus inicios con tan solo 15 escuelas, Responsive Education Solutions se ha expandido por Texas y Arkansas, convirti\u00e9ndose en una de las organizaciones de servicios educativos m\u00e1s exitosas de la regi\u00f3n.<\/p><\/div>\n\n\n\n<div class=\"tb-fields-and-text\" data-toolset-blocks-fields-and-text=\"deac2edc511b5e35de4c6bebe7838e43\"><p style=\"text-align: left;\">Las Escuelas Comunitarias Ignite atienden a un amplio espectro de estudiantes. Reconocemos que nuestros estudiantes provienen de diversos or\u00edgenes y les ofrecemos una amplia gama de cursos para fomentar su desarrollo personal y fortalecer sus conocimientos y car\u00e1cter. El objetivo final de las Escuelas Comunitarias Ignite es brindar a cada estudiante la mejor educaci\u00f3n posible, permiti\u00e9ndoles convertirse en adultos exitosos y autosuficientes.<\/p><\/div>\n<\/div>\n<\/div>\n<\/div>\n\n\n\n<div style=\"height:100px\" aria-hidden=\"true\" class=\"wp-block-spacer\"><\/div>","protected":false},"excerpt":{"rendered":"","protected":false},"author":2,"featured_media":0,"parent":0,"menu_order":0,"comment_status":"closed","ping_status":"closed","template":"","meta":{"footnotes":""},"class_list":["post-826","page","type-page","status-publish"],"yoast_head":"<!-- This site is optimized with the Yoast SEO plugin v27.4 - https:\/\/yoast.com\/product\/yoast-seo-wordpress\/ -->\n<title>About Ignite Community School | Student-Centered Charter Education<\/title>\n<meta name=\"description\" content=\"Learn how Ignite Community School personalizes learning in a tuition-free public charter environment focused on student growth and success.\" \/>\n<meta name=\"robots\" content=\"index, follow, max-snippet:-1, max-image-preview:large, max-video-preview:-1\" \/>\n<link rel=\"canonical\" href=\"https:\/\/ignitecommunityschools.com\/es\/acerca-de\/\" \/>\n<meta property=\"og:locale\" content=\"es_MX\" \/>\n<meta property=\"og:type\" content=\"article\" \/>\n<meta property=\"og:title\" content=\"About Ignite Community School | Student-Centered Charter Education\" \/>\n<meta property=\"og:description\" content=\"Learn how Ignite Community School personalizes learning in a tuition-free public charter environment focused on student growth and success.\" \/>\n<meta property=\"og:url\" content=\"https:\/\/ignitecommunityschools.com\/es\/acerca-de\/\" \/>\n<meta property=\"og:site_name\" content=\"Ignite Community School\" \/>\n<meta property=\"article:modified_time\" content=\"2024-11-19T20:48:42+00:00\" \/>\n<meta property=\"og:image\" content=\"https:\/\/ignitecommunityschools.com\/wp-content\/uploads\/2023\/02\/101921-responsiveed-ftw-kathytran-5886-web.webp\" \/>\n\t<meta property=\"og:image:width\" content=\"2000\" \/>\n\t<meta property=\"og:image:height\" content=\"1334\" \/>\n\t<meta property=\"og:image:type\" content=\"image\/webp\" \/>\n<meta name=\"twitter:card\" content=\"summary_large_image\" \/>\n<script type=\"application\/ld+json\" class=\"yoast-schema-graph\">{\"@context\":\"https:\\\/\\\/schema.org\",\"@graph\":[{\"@type\":\"WebPage\",\"@id\":\"https:\\\/\\\/ignitecommunityschools.com\\\/about\\\/\",\"url\":\"https:\\\/\\\/ignitecommunityschools.com\\\/about\\\/\",\"name\":\"About Ignite Community School | Student-Centered Charter Education\",\"isPartOf\":{\"@id\":\"https:\\\/\\\/ignitecommunityschools.com\\\/#website\"},\"primaryImageOfPage\":{\"@id\":\"https:\\\/\\\/ignitecommunityschools.com\\\/about\\\/#primaryimage\"},\"image\":{\"@id\":\"https:\\\/\\\/ignitecommunityschools.com\\\/about\\\/#primaryimage\"},\"thumbnailUrl\":\"https:\\\/\\\/ignitecommunityschools.com\\\/wp-content\\\/uploads\\\/2023\\\/02\\\/101921-responsiveed-ftw-kathytran-5886-web-1024x683.webp\",\"datePublished\":\"2020-11-02T20:29:09+00:00\",\"dateModified\":\"2024-11-19T20:48:42+00:00\",\"description\":\"Learn how Ignite Community School personalizes learning in a tuition-free public charter environment focused on student growth and success.\",\"breadcrumb\":{\"@id\":\"https:\\\/\\\/ignitecommunityschools.com\\\/about\\\/#breadcrumb\"},\"inLanguage\":\"es\",\"potentialAction\":[{\"@type\":\"ReadAction\",\"target\":[\"https:\\\/\\\/ignitecommunityschools.com\\\/about\\\/\"]}]},{\"@type\":\"ImageObject\",\"inLanguage\":\"es\",\"@id\":\"https:\\\/\\\/ignitecommunityschools.com\\\/about\\\/#primaryimage\",\"url\":\"https:\\\/\\\/ignitecommunityschools.com\\\/wp-content\\\/uploads\\\/2023\\\/02\\\/101921-responsiveed-ftw-kathytran-5886-web-1024x683.webp\",\"contentUrl\":\"https:\\\/\\\/ignitecommunityschools.com\\\/wp-content\\\/uploads\\\/2023\\\/02\\\/101921-responsiveed-ftw-kathytran-5886-web-1024x683.webp\"},{\"@type\":\"BreadcrumbList\",\"@id\":\"https:\\\/\\\/ignitecommunityschools.com\\\/about\\\/#breadcrumb\",\"itemListElement\":[{\"@type\":\"ListItem\",\"position\":1,\"name\":\"Home\",\"item\":\"https:\\\/\\\/ignitecommunityschools.com\\\/\"},{\"@type\":\"ListItem\",\"position\":2,\"name\":\"About\"}]},{\"@type\":\"WebSite\",\"@id\":\"https:\\\/\\\/ignitecommunityschools.com\\\/#website\",\"url\":\"https:\\\/\\\/ignitecommunityschools.com\\\/\",\"name\":\"Ignite Community School\",\"description\":\"Ignite the Spark to Lead the Future\",\"publisher\":{\"@id\":\"https:\\\/\\\/ignitecommunityschools.com\\\/#organization\"},\"potentialAction\":[{\"@type\":\"SearchAction\",\"target\":{\"@type\":\"EntryPoint\",\"urlTemplate\":\"https:\\\/\\\/ignitecommunityschools.com\\\/?s={search_term_string}\"},\"query-input\":{\"@type\":\"PropertyValueSpecification\",\"valueRequired\":true,\"valueName\":\"search_term_string\"}}],\"inLanguage\":\"es\"},{\"@type\":\"Organization\",\"@id\":\"https:\\\/\\\/ignitecommunityschools.com\\\/#organization\",\"name\":\"Ignite Community School\",\"url\":\"https:\\\/\\\/ignitecommunityschools.com\\\/\",\"logo\":{\"@type\":\"ImageObject\",\"inLanguage\":\"es\",\"@id\":\"https:\\\/\\\/ignitecommunityschools.com\\\/#\\\/schema\\\/logo\\\/image\\\/\",\"url\":\"https:\\\/\\\/ignitecommunityschools.com\\\/wp-content\\\/uploads\\\/2021\\\/05\\\/2020-21-Logos_IgniteComunity-icon.png\",\"contentUrl\":\"https:\\\/\\\/ignitecommunityschools.com\\\/wp-content\\\/uploads\\\/2021\\\/05\\\/2020-21-Logos_IgniteComunity-icon.png\",\"width\":8001,\"height\":8001,\"caption\":\"Ignite Community School\"},\"image\":{\"@id\":\"https:\\\/\\\/ignitecommunityschools.com\\\/#\\\/schema\\\/logo\\\/image\\\/\"}}]}<\/script>\n<!-- \/ Yoast SEO plugin. -->","yoast_head_json":{"title":"Acerca de Ignite Community School | Educaci\u00f3n aut\u00f3noma centrada en el estudiante","description":"Descubra c\u00f3mo Ignite Community School personaliza el aprendizaje en un entorno p\u00fablico aut\u00f3nomo sin cuotas de matr\u00edcula, centrado en el crecimiento y el \u00e9xito de los estudiantes.","robots":{"index":"index","follow":"follow","max-snippet":"max-snippet:-1","max-image-preview":"max-image-preview:large","max-video-preview":"max-video-preview:-1"},"canonical":"https:\/\/ignitecommunityschools.com\/es\/acerca-de\/","og_locale":"es_MX","og_type":"article","og_title":"About Ignite Community School | Student-Centered Charter Education","og_description":"Learn how Ignite Community School personalizes learning in a tuition-free public charter environment focused on student growth and success.","og_url":"https:\/\/ignitecommunityschools.com\/es\/acerca-de\/","og_site_name":"Ignite Community School","article_modified_time":"2024-11-19T20:48:42+00:00","og_image":[{"width":2000,"height":1334,"url":"https:\/\/ignitecommunityschools.com\/wp-content\/uploads\/2023\/02\/101921-responsiveed-ftw-kathytran-5886-web.webp","type":"image\/webp"}],"twitter_card":"summary_large_image","schema":{"@context":"https:\/\/schema.org","@graph":[{"@type":"WebPage","@id":"https:\/\/ignitecommunityschools.com\/about\/","url":"https:\/\/ignitecommunityschools.com\/about\/","name":"Acerca de Ignite Community School | Educaci\u00f3n aut\u00f3noma centrada en el estudiante","isPartOf":{"@id":"https:\/\/ignitecommunityschools.com\/#website"},"primaryImageOfPage":{"@id":"https:\/\/ignitecommunityschools.com\/about\/#primaryimage"},"image":{"@id":"https:\/\/ignitecommunityschools.com\/about\/#primaryimage"},"thumbnailUrl":"https:\/\/ignitecommunityschools.com\/wp-content\/uploads\/2023\/02\/101921-responsiveed-ftw-kathytran-5886-web-1024x683.webp","datePublished":"2020-11-02T20:29:09+00:00","dateModified":"2024-11-19T20:48:42+00:00","description":"Descubra c\u00f3mo Ignite Community School personaliza el aprendizaje en un entorno p\u00fablico aut\u00f3nomo sin cuotas de matr\u00edcula, centrado en el crecimiento y el \u00e9xito de los estudiantes.","breadcrumb":{"@id":"https:\/\/ignitecommunityschools.com\/about\/#breadcrumb"},"inLanguage":"es","potentialAction":[{"@type":"ReadAction","target":["https:\/\/ignitecommunityschools.com\/about\/"]}]},{"@type":"ImageObject","inLanguage":"es","@id":"https:\/\/ignitecommunityschools.com\/about\/#primaryimage","url":"https:\/\/ignitecommunityschools.com\/wp-content\/uploads\/2023\/02\/101921-responsiveed-ftw-kathytran-5886-web-1024x683.webp","contentUrl":"https:\/\/ignitecommunityschools.com\/wp-content\/uploads\/2023\/02\/101921-responsiveed-ftw-kathytran-5886-web-1024x683.webp"},{"@type":"BreadcrumbList","@id":"https:\/\/ignitecommunityschools.com\/about\/#breadcrumb","itemListElement":[{"@type":"ListItem","position":1,"name":"Home","item":"https:\/\/ignitecommunityschools.com\/"},{"@type":"ListItem","position":2,"name":"About"}]},{"@type":"WebSite","@id":"https:\/\/ignitecommunityschools.com\/#website","url":"https:\/\/ignitecommunityschools.com\/","name":"Escuela Comunitaria Ignite","description":"Enciende la chispa para liderar el futuro","publisher":{"@id":"https:\/\/ignitecommunityschools.com\/#organization"},"potentialAction":[{"@type":"SearchAction","target":{"@type":"EntryPoint","urlTemplate":"https:\/\/ignitecommunityschools.com\/?s={search_term_string}"},"query-input":{"@type":"PropertyValueSpecification","valueRequired":true,"valueName":"search_term_string"}}],"inLanguage":"es"},{"@type":"Organization","@id":"https:\/\/ignitecommunityschools.com\/#organization","name":"Escuela Comunitaria Ignite","url":"https:\/\/ignitecommunityschools.com\/","logo":{"@type":"ImageObject","inLanguage":"es","@id":"https:\/\/ignitecommunityschools.com\/#\/schema\/logo\/image\/","url":"https:\/\/ignitecommunityschools.com\/wp-content\/uploads\/2021\/05\/2020-21-Logos_IgniteComunity-icon.png","contentUrl":"https:\/\/ignitecommunityschools.com\/wp-content\/uploads\/2021\/05\/2020-21-Logos_IgniteComunity-icon.png","width":8001,"height":8001,"caption":"Ignite Community School"},"image":{"@id":"https:\/\/ignitecommunityschools.com\/#\/schema\/logo\/image\/"}}]}},"_links":{"self":[{"href":"https:\/\/ignitecommunityschools.com\/es\/wp-json\/wp\/v2\/pages\/826","targetHints":{"allow":["GET"]}}],"collection":[{"href":"https:\/\/ignitecommunityschools.com\/es\/wp-json\/wp\/v2\/pages"}],"about":[{"href":"https:\/\/ignitecommunityschools.com\/es\/wp-json\/wp\/v2\/types\/page"}],"author":[{"embeddable":true,"href":"https:\/\/ignitecommunityschools.com\/es\/wp-json\/wp\/v2\/users\/2"}],"replies":[{"embeddable":true,"href":"https:\/\/ignitecommunityschools.com\/es\/wp-json\/wp\/v2\/comments?post=826"}],"version-history":[{"count":0,"href":"https:\/\/ignitecommunityschools.com\/es\/wp-json\/wp\/v2\/pages\/826\/revisions"}],"wp:attachment":[{"href":"https:\/\/ignitecommunityschools.com\/es\/wp-json\/wp\/v2\/media?parent=826"}],"curies":[{"name":"wp","href":"https:\/\/api.w.org\/{rel}","templated":true}]}}