{"id":2889,"date":"2025-11-06T17:10:10","date_gmt":"2025-11-06T17:10:10","guid":{"rendered":"https:\/\/ignitecommunityschools.com\/?page_id=2889"},"modified":"2025-11-06T19:36:43","modified_gmt":"2025-11-06T19:36:43","slug":"el-campo-de-los-suenos","status":"publish","type":"page","link":"https:\/\/ignitecommunityschools.com\/es\/court-of-dreams\/","title":{"rendered":"La cancha de los sue\u00f1os"},"content":{"rendered":"<div class=\"wp-block-toolset-blocks-container tb-container\" data-toolset-blocks-container=\"bc573214261ca2d29213e2c669fedf7b\">\n<div class=\"wp-block-columns is-layout-flex wp-container-core-columns-is-layout-9d6595d7 wp-block-columns-is-layout-flex\">\n<div class=\"wp-block-column is-vertically-aligned-center is-layout-flow wp-block-column-is-layout-flow\">\n<div class=\"wp-block-toolset-blocks-container tb-container aligncenter\" data-toolset-blocks-container=\"a51877c0f1b5603e54d8c8f6c1768535\">\n<figure class=\"wp-block-image tb-image tb-image-dynamic tb-image-frame-none\" data-toolset-blocks-image=\"14c50b2061f78d84d4613edf894f644b\"><img decoding=\"async\" width=\"987\" height=\"1024\" loading=\"lazy\" src=\"https:\/\/ignitecommunityschools.com\/wp-content\/uploads\/2025\/11\/Dallas_Mavericks_logo-987x1024.png\" alt=\"\" class=\"wp-image-2898\" srcset=\"https:\/\/ignitecommunityschools.com\/wp-content\/uploads\/2025\/11\/Dallas_Mavericks_logo-987x1024.png 987w, https:\/\/ignitecommunityschools.com\/wp-content\/uploads\/2025\/11\/Dallas_Mavericks_logo-289x300.png 289w, https:\/\/ignitecommunityschools.com\/wp-content\/uploads\/2025\/11\/Dallas_Mavericks_logo-768x797.png 768w, https:\/\/ignitecommunityschools.com\/wp-content\/uploads\/2025\/11\/Dallas_Mavericks_logo.png 1035w\" sizes=\"auto, (max-width: 987px) 100vw, 987px\" \/><\/figure>\n<\/div>\n<\/div>\n\n\n\n<div class=\"wp-block-column is-vertically-aligned-center is-layout-flow wp-block-column-is-layout-flow\">\n<div class=\"wp-block-toolset-blocks-container tb-container\" data-toolset-blocks-container=\"768fd3f34fa21f8c109e17d992955588\">\n<div class=\"tb-fields-and-text\" data-toolset-blocks-fields-and-text=\"3de5656f482ad1601bc4d2fa86428d96\"><span style=\"font-weight:500;\"><p style=\"text-align: center; margin-bottom: 20px;\">Nos complace anunciar el<br><strong style=\" font-size:36px; line-height:36px; color:#d85a27;\">Dallas Mavericks<br>Torneo \u00abCourt of Dreams\u00bb<\/strong><br>\u00a1para las escuelas comunitarias Ignite!<\/p><\/span><\/div>\n\n\n\n<div class=\"tb-fields-and-text\" data-toolset-blocks-fields-and-text=\"3de5656f482ad1601bc4d2fa86428d96\"><span style=\"font-weight:500;\"><p style=\"text-align: center; margin-bottom: 20px;\">Este emocionante evento tendr\u00e1 lugar el<br><strong style=\"font-size:24px; color:#0d748d;\">Viernes, 3 de abril de 2026, a las 12:30 p. m.<\/strong><br>con el Torneo Ignite, seguido del partido entre los Dallas Mavericks y los Orlando Magic a las 7:30 p. m.<\/p>\n  <p style=\"text-align: center; margin-bottom: 20px;\">Ignite ha reservado la cancha de los Dallas Mavericks de 12:00 p. m. a 4:00 p. m., donde todos los campus que cuenten con equipos de baloncesto competir\u00e1n en un torneo de media cancha para determinar qui\u00e9n es el Campe\u00f3n de Campus de Ignite. El equipo ganador se enfrentar\u00e1 luego a un grupo de profesores seleccionados en un emocionante partido entre profesores y alumnos, \u00a1una experiencia que sin duda dejar\u00e1 recuerdos inolvidables!<\/p>\n  <p style=\"text-align: center; margin-bottom: 30px;\">\u00a1Acomp\u00e1\u00f1anos en un d\u00eda lleno de esp\u00edritu escolar, trabajo en equipo y celebraci\u00f3n mientras llevamos la llama de Ignite a la \u2019Cancha de los Sue\u00f1os\u00bb de los Mavericks!<\/p><\/span><\/div>\n\n\n\n<div class=\"tb-button\" data-toolset-blocks-button=\"72c08576562ac18d117154b39f316ffa\"><a class=\"tb-button__link\" href=\"https:\/\/mavs.spinzo.com\/ignite-community-school-teacher-vs-students-2026-04-03-ADUKT?group=ignite-community-school-teacher-vs-students-fb6a\" target=\"_blank\"><span class=\"tb-button__content\"><strong>Comprar entradas<\/strong> <strong>ahora<\/strong>*<\/span><i class=\"tb-button__icon\"><\/i><\/a><\/div>\n\n\n\n<div class=\"tb-fields-and-text\" data-toolset-blocks-fields-and-text=\"eacc7e988831fd1de1cb5bf15f6d4514\"><p style=\"text-align: center;\">*Las entradas deben comprarse a trav\u00e9s de este enlace para poder acceder a los partidos de Ignite.<\/p><\/div>\n<\/div>\n<\/div>\n<\/div>\n<\/div>","protected":false},"excerpt":{"rendered":"","protected":false},"author":16,"featured_media":0,"parent":0,"menu_order":0,"comment_status":"closed","ping_status":"closed","template":"","meta":{"footnotes":""},"class_list":["post-2889","page","type-page","status-publish"],"yoast_head":"<!-- This site is optimized with the Yoast SEO plugin v27.5 - https:\/\/yoast.com\/product\/yoast-seo-wordpress\/ -->\n<title>Court of Dreams Program | Student Opportunities at Ignite Community School<\/title>\n<meta name=\"description\" content=\"Court of Dreams connects students to mentorship, opportunity, and growth beyond the classroom\u2014supporting confidence and future success.\" \/>\n<meta name=\"robots\" content=\"index, follow, max-snippet:-1, max-image-preview:large, max-video-preview:-1\" \/>\n<link rel=\"canonical\" href=\"https:\/\/ignitecommunityschools.com\/es\/el-campo-de-los-suenos\/\" \/>\n<meta property=\"og:locale\" content=\"es_MX\" \/>\n<meta property=\"og:type\" content=\"article\" \/>\n<meta property=\"og:title\" content=\"Court of Dreams Program | Student Opportunities at Ignite Community School\" \/>\n<meta property=\"og:description\" content=\"Court of Dreams connects students to mentorship, opportunity, and growth beyond the classroom\u2014supporting confidence and future success.\" \/>\n<meta property=\"og:url\" content=\"https:\/\/ignitecommunityschools.com\/es\/el-campo-de-los-suenos\/\" \/>\n<meta property=\"og:site_name\" content=\"Ignite Community School\" \/>\n<meta property=\"article:modified_time\" content=\"2025-11-06T19:36:43+00:00\" \/>\n<meta property=\"og:image\" content=\"https:\/\/ignitecommunityschools.com\/wp-content\/uploads\/2025\/11\/Dallas_Mavericks_logo.png\" \/>\n\t<meta property=\"og:image:width\" content=\"1035\" \/>\n\t<meta property=\"og:image:height\" content=\"1074\" \/>\n\t<meta property=\"og:image:type\" content=\"image\/png\" \/>\n<meta name=\"twitter:card\" content=\"summary_large_image\" \/>\n<script type=\"application\/ld+json\" class=\"yoast-schema-graph\">{\"@context\":\"https:\\\/\\\/schema.org\",\"@graph\":[{\"@type\":\"WebPage\",\"@id\":\"https:\\\/\\\/ignitecommunityschools.com\\\/court-of-dreams\\\/\",\"url\":\"https:\\\/\\\/ignitecommunityschools.com\\\/court-of-dreams\\\/\",\"name\":\"Court of Dreams Program | Student Opportunities at Ignite Community School\",\"isPartOf\":{\"@id\":\"https:\\\/\\\/ignitecommunityschools.com\\\/#website\"},\"primaryImageOfPage\":{\"@id\":\"https:\\\/\\\/ignitecommunityschools.com\\\/court-of-dreams\\\/#primaryimage\"},\"image\":{\"@id\":\"https:\\\/\\\/ignitecommunityschools.com\\\/court-of-dreams\\\/#primaryimage\"},\"thumbnailUrl\":\"https:\\\/\\\/ignitecommunityschools.com\\\/wp-content\\\/uploads\\\/2025\\\/11\\\/Dallas_Mavericks_logo-987x1024.png\",\"datePublished\":\"2025-11-06T17:10:10+00:00\",\"dateModified\":\"2025-11-06T19:36:43+00:00\",\"description\":\"Court of Dreams connects students to mentorship, opportunity, and growth beyond the classroom\u2014supporting confidence and future success.\",\"breadcrumb\":{\"@id\":\"https:\\\/\\\/ignitecommunityschools.com\\\/court-of-dreams\\\/#breadcrumb\"},\"inLanguage\":\"es\",\"potentialAction\":[{\"@type\":\"ReadAction\",\"target\":[\"https:\\\/\\\/ignitecommunityschools.com\\\/court-of-dreams\\\/\"]}]},{\"@type\":\"ImageObject\",\"inLanguage\":\"es\",\"@id\":\"https:\\\/\\\/ignitecommunityschools.com\\\/court-of-dreams\\\/#primaryimage\",\"url\":\"https:\\\/\\\/ignitecommunityschools.com\\\/wp-content\\\/uploads\\\/2025\\\/11\\\/Dallas_Mavericks_logo-987x1024.png\",\"contentUrl\":\"https:\\\/\\\/ignitecommunityschools.com\\\/wp-content\\\/uploads\\\/2025\\\/11\\\/Dallas_Mavericks_logo-987x1024.png\"},{\"@type\":\"BreadcrumbList\",\"@id\":\"https:\\\/\\\/ignitecommunityschools.com\\\/court-of-dreams\\\/#breadcrumb\",\"itemListElement\":[{\"@type\":\"ListItem\",\"position\":1,\"name\":\"Home\",\"item\":\"https:\\\/\\\/ignitecommunityschools.com\\\/\"},{\"@type\":\"ListItem\",\"position\":2,\"name\":\"Court of Dreams\"}]},{\"@type\":\"WebSite\",\"@id\":\"https:\\\/\\\/ignitecommunityschools.com\\\/#website\",\"url\":\"https:\\\/\\\/ignitecommunityschools.com\\\/\",\"name\":\"Ignite Community School\",\"description\":\"Ignite the Spark to Lead the Future\",\"publisher\":{\"@id\":\"https:\\\/\\\/ignitecommunityschools.com\\\/#organization\"},\"potentialAction\":[{\"@type\":\"SearchAction\",\"target\":{\"@type\":\"EntryPoint\",\"urlTemplate\":\"https:\\\/\\\/ignitecommunityschools.com\\\/?s={search_term_string}\"},\"query-input\":{\"@type\":\"PropertyValueSpecification\",\"valueRequired\":true,\"valueName\":\"search_term_string\"}}],\"inLanguage\":\"es\"},{\"@type\":\"Organization\",\"@id\":\"https:\\\/\\\/ignitecommunityschools.com\\\/#organization\",\"name\":\"Ignite Community School\",\"url\":\"https:\\\/\\\/ignitecommunityschools.com\\\/\",\"logo\":{\"@type\":\"ImageObject\",\"inLanguage\":\"es\",\"@id\":\"https:\\\/\\\/ignitecommunityschools.com\\\/#\\\/schema\\\/logo\\\/image\\\/\",\"url\":\"https:\\\/\\\/ignitecommunityschools.com\\\/wp-content\\\/uploads\\\/2021\\\/05\\\/2020-21-Logos_IgniteComunity-icon.png\",\"contentUrl\":\"https:\\\/\\\/ignitecommunityschools.com\\\/wp-content\\\/uploads\\\/2021\\\/05\\\/2020-21-Logos_IgniteComunity-icon.png\",\"width\":8001,\"height\":8001,\"caption\":\"Ignite Community School\"},\"image\":{\"@id\":\"https:\\\/\\\/ignitecommunityschools.com\\\/#\\\/schema\\\/logo\\\/image\\\/\"}}]}<\/script>\n<!-- \/ Yoast SEO plugin. -->","yoast_head_json":{"title":"Programa \u00abCourt of Dreams\u00bb | Oportunidades para estudiantes en Ignite Community School","description":"Court of Dreams conecta a los estudiantes con programas de mentor\u00eda, oportunidades y crecimiento m\u00e1s all\u00e1 del aula, lo que fomenta su confianza y su \u00e9xito futuro.","robots":{"index":"index","follow":"follow","max-snippet":"max-snippet:-1","max-image-preview":"max-image-preview:large","max-video-preview":"max-video-preview:-1"},"canonical":"https:\/\/ignitecommunityschools.com\/es\/el-campo-de-los-suenos\/","og_locale":"es_MX","og_type":"article","og_title":"Court of Dreams Program | Student Opportunities at Ignite Community School","og_description":"Court of Dreams connects students to mentorship, opportunity, and growth beyond the classroom\u2014supporting confidence and future success.","og_url":"https:\/\/ignitecommunityschools.com\/es\/el-campo-de-los-suenos\/","og_site_name":"Ignite Community School","article_modified_time":"2025-11-06T19:36:43+00:00","og_image":[{"width":1035,"height":1074,"url":"https:\/\/ignitecommunityschools.com\/wp-content\/uploads\/2025\/11\/Dallas_Mavericks_logo.png","type":"image\/png"}],"twitter_card":"summary_large_image","schema":{"@context":"https:\/\/schema.org","@graph":[{"@type":"WebPage","@id":"https:\/\/ignitecommunityschools.com\/court-of-dreams\/","url":"https:\/\/ignitecommunityschools.com\/court-of-dreams\/","name":"Programa \u00abCourt of Dreams\u00bb | Oportunidades para estudiantes en Ignite Community School","isPartOf":{"@id":"https:\/\/ignitecommunityschools.com\/#website"},"primaryImageOfPage":{"@id":"https:\/\/ignitecommunityschools.com\/court-of-dreams\/#primaryimage"},"image":{"@id":"https:\/\/ignitecommunityschools.com\/court-of-dreams\/#primaryimage"},"thumbnailUrl":"https:\/\/ignitecommunityschools.com\/wp-content\/uploads\/2025\/11\/Dallas_Mavericks_logo-987x1024.png","datePublished":"2025-11-06T17:10:10+00:00","dateModified":"2025-11-06T19:36:43+00:00","description":"Court of Dreams conecta a los estudiantes con programas de mentor\u00eda, oportunidades y crecimiento m\u00e1s all\u00e1 del aula, lo que fomenta su confianza y su \u00e9xito futuro.","breadcrumb":{"@id":"https:\/\/ignitecommunityschools.com\/court-of-dreams\/#breadcrumb"},"inLanguage":"es","potentialAction":[{"@type":"ReadAction","target":["https:\/\/ignitecommunityschools.com\/court-of-dreams\/"]}]},{"@type":"ImageObject","inLanguage":"es","@id":"https:\/\/ignitecommunityschools.com\/court-of-dreams\/#primaryimage","url":"https:\/\/ignitecommunityschools.com\/wp-content\/uploads\/2025\/11\/Dallas_Mavericks_logo-987x1024.png","contentUrl":"https:\/\/ignitecommunityschools.com\/wp-content\/uploads\/2025\/11\/Dallas_Mavericks_logo-987x1024.png"},{"@type":"BreadcrumbList","@id":"https:\/\/ignitecommunityschools.com\/court-of-dreams\/#breadcrumb","itemListElement":[{"@type":"ListItem","position":1,"name":"Home","item":"https:\/\/ignitecommunityschools.com\/"},{"@type":"ListItem","position":2,"name":"Court of Dreams"}]},{"@type":"WebSite","@id":"https:\/\/ignitecommunityschools.com\/#website","url":"https:\/\/ignitecommunityschools.com\/","name":"Escuela Comunitaria Ignite","description":"Enciende la chispa para liderar el futuro","publisher":{"@id":"https:\/\/ignitecommunityschools.com\/#organization"},"potentialAction":[{"@type":"SearchAction","target":{"@type":"EntryPoint","urlTemplate":"https:\/\/ignitecommunityschools.com\/?s={search_term_string}"},"query-input":{"@type":"PropertyValueSpecification","valueRequired":true,"valueName":"search_term_string"}}],"inLanguage":"es"},{"@type":"Organization","@id":"https:\/\/ignitecommunityschools.com\/#organization","name":"Escuela Comunitaria Ignite","url":"https:\/\/ignitecommunityschools.com\/","logo":{"@type":"ImageObject","inLanguage":"es","@id":"https:\/\/ignitecommunityschools.com\/#\/schema\/logo\/image\/","url":"https:\/\/ignitecommunityschools.com\/wp-content\/uploads\/2021\/05\/2020-21-Logos_IgniteComunity-icon.png","contentUrl":"https:\/\/ignitecommunityschools.com\/wp-content\/uploads\/2021\/05\/2020-21-Logos_IgniteComunity-icon.png","width":8001,"height":8001,"caption":"Ignite Community School"},"image":{"@id":"https:\/\/ignitecommunityschools.com\/#\/schema\/logo\/image\/"}}]}},"_links":{"self":[{"href":"https:\/\/ignitecommunityschools.com\/es\/wp-json\/wp\/v2\/pages\/2889","targetHints":{"allow":["GET"]}}],"collection":[{"href":"https:\/\/ignitecommunityschools.com\/es\/wp-json\/wp\/v2\/pages"}],"about":[{"href":"https:\/\/ignitecommunityschools.com\/es\/wp-json\/wp\/v2\/types\/page"}],"author":[{"embeddable":true,"href":"https:\/\/ignitecommunityschools.com\/es\/wp-json\/wp\/v2\/users\/16"}],"replies":[{"embeddable":true,"href":"https:\/\/ignitecommunityschools.com\/es\/wp-json\/wp\/v2\/comments?post=2889"}],"version-history":[{"count":0,"href":"https:\/\/ignitecommunityschools.com\/es\/wp-json\/wp\/v2\/pages\/2889\/revisions"}],"wp:attachment":[{"href":"https:\/\/ignitecommunityschools.com\/es\/wp-json\/wp\/v2\/media?parent=2889"}],"curies":[{"name":"wp","href":"https:\/\/api.w.org\/{rel}","templated":true}]}}