{"id":2617,"date":"2024-11-21T17:57:34","date_gmt":"2024-11-21T17:57:34","guid":{"rendered":"https:\/\/ignitecommunityschools.com\/?page_id=2617"},"modified":"2024-11-21T20:40:09","modified_gmt":"2024-11-21T20:40:09","slug":"dias-chisposos","status":"publish","type":"page","link":"https:\/\/ignitecommunityschools.com\/es\/our-program\/spark-days\/","title":{"rendered":"D\u00edas chispeantes"},"content":{"rendered":"<div class=\"wp-block-toolset-blocks-container tb-container dark-overlay\" data-toolset-blocks-container=\"b6d015554fbd97f83c4e6c9efb9d8284\">\n<h1 class=\"tb-heading has-text-color\" data-toolset-blocks-heading=\"81efb715e3e64d41f00091e9c68f14f9\" data-last-update=\"1.4\"><strong>D\u00cdAS DE ENCENDIDO DE CHISPA<\/strong><\/h1>\n<\/div>\n\n\n\n<div class=\"wp-block-toolset-blocks-container tb-container aligncenter\" data-toolset-blocks-container=\"bf86061e76336062ed6451f6e2c404ab\">\n<div style=\"height:20vw\" aria-hidden=\"true\" class=\"wp-block-spacer\"><\/div>\n<\/div>\n\n\n\n<div class=\"wp-block-toolset-blocks-container tb-container\" data-toolset-blocks-container=\"7b6e175bc70cf464066e01d56bf80951\">\n<div class=\"tb-fields-and-text\" data-toolset-blocks-fields-and-text=\"9543c5d75292f68ad5f3784e40bb3d0c\"><p style=\"text-align: center;\">Bienvenidos a Spark Days en la Escuela Comunitaria Ignite. Nos entusiasma participar en actividades educativas que fomentan la alegr\u00eda y el amor por el aprendizaje con sus hijos. Nuestro objetivo es crear un ambiente donde el aprendizaje sea agradable y enriquecedor. En cada Spark Day, los estudiantes participar\u00e1n en diversas actividades que van m\u00e1s all\u00e1 del aula tradicional. Los invitamos a animar a sus hijos a participar y esperamos verlos prosperar en este emocionante programa. \u00a1Juntos, podemos hacer del aprendizaje una aventura llena de alegr\u00eda!<\/p><\/div>\n<\/div>\n\n\n\n<div class=\"wp-block-toolset-blocks-container tb-container\" data-toolset-blocks-container=\"b80fc09a0d433edda4bc65232a504076\">\n<div class=\"wp-block-toolset-blocks-grid tb-grid\" data-toolset-blocks-grid=\"3d9c399fe625e1b972f817a0680229f6\">\n<div class=\"wp-block-toolset-blocks-grid-column tb-grid-column tb-grid-align-top\" data-toolset-blocks-grid-column=\"3034fbe886c11054e95b46b09d3e4112\">\n<div class=\"wp-block-toolset-blocks-container tb-container\" data-toolset-blocks-container=\"716d92c1c62e25c46f0d27580f9aec88\">\n<div style=\"height:350px\" aria-hidden=\"true\" class=\"wp-block-spacer\"><\/div>\n<\/div>\n<\/div>\n\n\n\n<div class=\"wp-block-toolset-blocks-grid-column tb-grid-column tb-grid-align-top\" data-toolset-blocks-grid-column=\"3034fbe886c11054e95b46b09d3e4112\">\n<div class=\"wp-block-toolset-blocks-container tb-container overlap-container-right\" data-toolset-blocks-container=\"e417a4114719a76f0987ace65abd16da\">\n<div class=\"wp-block-toolset-blocks-container tb-container landing-list\" data-toolset-blocks-container=\"860ccdafe8c217a4c4b21d33be33bdbb\">\n<h4 class=\"tb-heading has-text-color\" data-toolset-blocks-heading=\"22b3affd7de110f4f1f1b20b0cde298e\" data-last-update=\"1.4\">\u00bfQu\u00e9 son los d\u00edas de chispa?<\/h4>\n\n\n\n<div class=\"tb-fields-and-text\" data-toolset-blocks-fields-and-text=\"0e5dd388a1bd417fc419f8bc5f038a0d\"><p>Para brindar tiempo para la vida, a la vez que fomentamos el amor por el aprendizaje y la alegr\u00eda en el campus, nuestros estudiantes participan en los D\u00edas de la Chispa todos los viernes. Cada viernes, la salida es a la 1:00 p. m. para garantizar que los estudiantes mantengan su salud f\u00edsica y mental y pasen tiempo con sus familias. Para las familias que lo necesiten, hay servicio de cuidado despu\u00e9s de clase disponible hasta la hora de salida habitual, a las 3:30 p. m.<\/p><\/div>\n\n\n\n<div style=\"height:25px\" aria-hidden=\"true\" class=\"wp-block-spacer\"><\/div>\n\n\n\n<div class=\"tb-button\" data-toolset-blocks-button=\"fd8d810a1771f4e55ea6411224f4030b\"><a class=\"tb-button__link\" href=\"\/es\/recursos-para-padres\/\"><i class=\"tb-button__icon\"><\/i><span class=\"tb-button__content\">Descargar calendario escolar<\/span><\/a><\/div>\n<\/div>\n<\/div>\n<\/div>\n<\/div>\n<\/div>\n\n\n\n<div class=\"wp-block-toolset-blocks-container tb-container\" data-toolset-blocks-container=\"1f5988e19b4fa6b45314959ae584ee18\"><\/div>","protected":false},"excerpt":{"rendered":"","protected":false},"author":16,"featured_media":0,"parent":2207,"menu_order":2,"comment_status":"closed","ping_status":"closed","template":"","meta":{"footnotes":""},"class_list":["post-2617","page","type-page","status-publish"],"yoast_head":"<!-- This site is optimized with the Yoast SEO plugin v27.4 - https:\/\/yoast.com\/product\/yoast-seo-wordpress\/ -->\n<title>Spark Days Enrichment Program | Ignite Community School<\/title>\n<meta name=\"description\" content=\"Spark Days give students hands-on enrichment, projects, and real-world learning experiences that build confidence, creativity, and engagement.\" \/>\n<meta name=\"robots\" content=\"index, follow, max-snippet:-1, max-image-preview:large, max-video-preview:-1\" \/>\n<link rel=\"canonical\" href=\"https:\/\/ignitecommunityschools.com\/es\/nuestro-programa\/dias-chisposos\/\" \/>\n<meta property=\"og:locale\" content=\"es_MX\" \/>\n<meta property=\"og:type\" content=\"article\" \/>\n<meta property=\"og:title\" content=\"Spark Days Enrichment Program | Ignite Community School\" \/>\n<meta property=\"og:description\" content=\"Spark Days give students hands-on enrichment, projects, and real-world learning experiences that build confidence, creativity, and engagement.\" \/>\n<meta property=\"og:url\" content=\"https:\/\/ignitecommunityschools.com\/es\/nuestro-programa\/dias-chisposos\/\" \/>\n<meta property=\"og:site_name\" content=\"Ignite Community School\" \/>\n<meta property=\"article:modified_time\" content=\"2024-11-21T20:40:09+00:00\" \/>\n<meta property=\"og:image\" content=\"https:\/\/ignitecommunityschools.com\/wp-content\/uploads\/2023\/02\/101921-responsiveed-ftw-kathytran-5886-web.webp\" \/>\n\t<meta property=\"og:image:width\" content=\"2000\" \/>\n\t<meta property=\"og:image:height\" content=\"1334\" \/>\n\t<meta property=\"og:image:type\" content=\"image\/webp\" \/>\n<meta name=\"twitter:card\" content=\"summary_large_image\" \/>\n<script type=\"application\/ld+json\" class=\"yoast-schema-graph\">{\"@context\":\"https:\\\/\\\/schema.org\",\"@graph\":[{\"@type\":\"WebPage\",\"@id\":\"https:\\\/\\\/ignitecommunityschools.com\\\/our-program\\\/spark-days\\\/\",\"url\":\"https:\\\/\\\/ignitecommunityschools.com\\\/our-program\\\/spark-days\\\/\",\"name\":\"Spark Days Enrichment Program | Ignite Community School\",\"isPartOf\":{\"@id\":\"https:\\\/\\\/ignitecommunityschools.com\\\/#website\"},\"datePublished\":\"2024-11-21T17:57:34+00:00\",\"dateModified\":\"2024-11-21T20:40:09+00:00\",\"description\":\"Spark Days give students hands-on enrichment, projects, and real-world learning experiences that build confidence, creativity, and engagement.\",\"breadcrumb\":{\"@id\":\"https:\\\/\\\/ignitecommunityschools.com\\\/our-program\\\/spark-days\\\/#breadcrumb\"},\"inLanguage\":\"es\",\"potentialAction\":[{\"@type\":\"ReadAction\",\"target\":[\"https:\\\/\\\/ignitecommunityschools.com\\\/our-program\\\/spark-days\\\/\"]}]},{\"@type\":\"BreadcrumbList\",\"@id\":\"https:\\\/\\\/ignitecommunityschools.com\\\/our-program\\\/spark-days\\\/#breadcrumb\",\"itemListElement\":[{\"@type\":\"ListItem\",\"position\":1,\"name\":\"Home\",\"item\":\"https:\\\/\\\/ignitecommunityschools.com\\\/\"},{\"@type\":\"ListItem\",\"position\":2,\"name\":\"Our Program\",\"item\":\"https:\\\/\\\/ignitecommunityschools.com\\\/our-program\\\/\"},{\"@type\":\"ListItem\",\"position\":3,\"name\":\"Spark Days\"}]},{\"@type\":\"WebSite\",\"@id\":\"https:\\\/\\\/ignitecommunityschools.com\\\/#website\",\"url\":\"https:\\\/\\\/ignitecommunityschools.com\\\/\",\"name\":\"Ignite Community School\",\"description\":\"Ignite the Spark to Lead the Future\",\"publisher\":{\"@id\":\"https:\\\/\\\/ignitecommunityschools.com\\\/#organization\"},\"potentialAction\":[{\"@type\":\"SearchAction\",\"target\":{\"@type\":\"EntryPoint\",\"urlTemplate\":\"https:\\\/\\\/ignitecommunityschools.com\\\/?s={search_term_string}\"},\"query-input\":{\"@type\":\"PropertyValueSpecification\",\"valueRequired\":true,\"valueName\":\"search_term_string\"}}],\"inLanguage\":\"es\"},{\"@type\":\"Organization\",\"@id\":\"https:\\\/\\\/ignitecommunityschools.com\\\/#organization\",\"name\":\"Ignite Community School\",\"url\":\"https:\\\/\\\/ignitecommunityschools.com\\\/\",\"logo\":{\"@type\":\"ImageObject\",\"inLanguage\":\"es\",\"@id\":\"https:\\\/\\\/ignitecommunityschools.com\\\/#\\\/schema\\\/logo\\\/image\\\/\",\"url\":\"https:\\\/\\\/ignitecommunityschools.com\\\/wp-content\\\/uploads\\\/2021\\\/05\\\/2020-21-Logos_IgniteComunity-icon.png\",\"contentUrl\":\"https:\\\/\\\/ignitecommunityschools.com\\\/wp-content\\\/uploads\\\/2021\\\/05\\\/2020-21-Logos_IgniteComunity-icon.png\",\"width\":8001,\"height\":8001,\"caption\":\"Ignite Community School\"},\"image\":{\"@id\":\"https:\\\/\\\/ignitecommunityschools.com\\\/#\\\/schema\\\/logo\\\/image\\\/\"}}]}<\/script>\n<!-- \/ Yoast SEO plugin. -->","yoast_head_json":{"title":"Programa de enriquecimiento Spark Days | Escuela comunitaria Ignite","description":"Los Spark Days ofrecen a los estudiantes enriquecimiento pr\u00e1ctico, proyectos y experiencias de aprendizaje del mundo real que fomentan la confianza, la creatividad y el compromiso.","robots":{"index":"index","follow":"follow","max-snippet":"max-snippet:-1","max-image-preview":"max-image-preview:large","max-video-preview":"max-video-preview:-1"},"canonical":"https:\/\/ignitecommunityschools.com\/es\/nuestro-programa\/dias-chisposos\/","og_locale":"es_MX","og_type":"article","og_title":"Spark Days Enrichment Program | Ignite Community School","og_description":"Spark Days give students hands-on enrichment, projects, and real-world learning experiences that build confidence, creativity, and engagement.","og_url":"https:\/\/ignitecommunityschools.com\/es\/nuestro-programa\/dias-chisposos\/","og_site_name":"Ignite Community School","article_modified_time":"2024-11-21T20:40:09+00:00","og_image":[{"width":2000,"height":1334,"url":"https:\/\/ignitecommunityschools.com\/wp-content\/uploads\/2023\/02\/101921-responsiveed-ftw-kathytran-5886-web.webp","type":"image\/webp"}],"twitter_card":"summary_large_image","schema":{"@context":"https:\/\/schema.org","@graph":[{"@type":"WebPage","@id":"https:\/\/ignitecommunityschools.com\/our-program\/spark-days\/","url":"https:\/\/ignitecommunityschools.com\/our-program\/spark-days\/","name":"Programa de enriquecimiento Spark Days | Escuela comunitaria Ignite","isPartOf":{"@id":"https:\/\/ignitecommunityschools.com\/#website"},"datePublished":"2024-11-21T17:57:34+00:00","dateModified":"2024-11-21T20:40:09+00:00","description":"Los Spark Days ofrecen a los estudiantes enriquecimiento pr\u00e1ctico, proyectos y experiencias de aprendizaje del mundo real que fomentan la confianza, la creatividad y el compromiso.","breadcrumb":{"@id":"https:\/\/ignitecommunityschools.com\/our-program\/spark-days\/#breadcrumb"},"inLanguage":"es","potentialAction":[{"@type":"ReadAction","target":["https:\/\/ignitecommunityschools.com\/our-program\/spark-days\/"]}]},{"@type":"BreadcrumbList","@id":"https:\/\/ignitecommunityschools.com\/our-program\/spark-days\/#breadcrumb","itemListElement":[{"@type":"ListItem","position":1,"name":"Home","item":"https:\/\/ignitecommunityschools.com\/"},{"@type":"ListItem","position":2,"name":"Our Program","item":"https:\/\/ignitecommunityschools.com\/our-program\/"},{"@type":"ListItem","position":3,"name":"Spark Days"}]},{"@type":"WebSite","@id":"https:\/\/ignitecommunityschools.com\/#website","url":"https:\/\/ignitecommunityschools.com\/","name":"Escuela Comunitaria Ignite","description":"Enciende la chispa para liderar el futuro","publisher":{"@id":"https:\/\/ignitecommunityschools.com\/#organization"},"potentialAction":[{"@type":"SearchAction","target":{"@type":"EntryPoint","urlTemplate":"https:\/\/ignitecommunityschools.com\/?s={search_term_string}"},"query-input":{"@type":"PropertyValueSpecification","valueRequired":true,"valueName":"search_term_string"}}],"inLanguage":"es"},{"@type":"Organization","@id":"https:\/\/ignitecommunityschools.com\/#organization","name":"Escuela Comunitaria Ignite","url":"https:\/\/ignitecommunityschools.com\/","logo":{"@type":"ImageObject","inLanguage":"es","@id":"https:\/\/ignitecommunityschools.com\/#\/schema\/logo\/image\/","url":"https:\/\/ignitecommunityschools.com\/wp-content\/uploads\/2021\/05\/2020-21-Logos_IgniteComunity-icon.png","contentUrl":"https:\/\/ignitecommunityschools.com\/wp-content\/uploads\/2021\/05\/2020-21-Logos_IgniteComunity-icon.png","width":8001,"height":8001,"caption":"Ignite Community School"},"image":{"@id":"https:\/\/ignitecommunityschools.com\/#\/schema\/logo\/image\/"}}]}},"_links":{"self":[{"href":"https:\/\/ignitecommunityschools.com\/es\/wp-json\/wp\/v2\/pages\/2617","targetHints":{"allow":["GET"]}}],"collection":[{"href":"https:\/\/ignitecommunityschools.com\/es\/wp-json\/wp\/v2\/pages"}],"about":[{"href":"https:\/\/ignitecommunityschools.com\/es\/wp-json\/wp\/v2\/types\/page"}],"author":[{"embeddable":true,"href":"https:\/\/ignitecommunityschools.com\/es\/wp-json\/wp\/v2\/users\/16"}],"replies":[{"embeddable":true,"href":"https:\/\/ignitecommunityschools.com\/es\/wp-json\/wp\/v2\/comments?post=2617"}],"version-history":[{"count":0,"href":"https:\/\/ignitecommunityschools.com\/es\/wp-json\/wp\/v2\/pages\/2617\/revisions"}],"up":[{"embeddable":true,"href":"https:\/\/ignitecommunityschools.com\/es\/wp-json\/wp\/v2\/pages\/2207"}],"wp:attachment":[{"href":"https:\/\/ignitecommunityschools.com\/es\/wp-json\/wp\/v2\/media?parent=2617"}],"curies":[{"name":"wp","href":"https:\/\/api.w.org\/{rel}","templated":true}]}}