{"id":2387,"date":"2023-03-09T16:45:02","date_gmt":"2023-03-09T16:45:02","guid":{"rendered":"https:\/\/ignitecommunityschools.com\/?page_id=2387"},"modified":"2023-03-09T16:47:59","modified_gmt":"2023-03-09T16:47:59","slug":"registrarse","status":"publish","type":"page","link":"https:\/\/ignitecommunityschools.com\/es\/ignite-a-spark\/sign-up\/","title":{"rendered":"Reg\u00edstrate"},"content":{"rendered":"\n<div class=\"wp-block-toolset-blocks-container tb-container dark-overlay\" data-toolset-blocks-container=\"c6aeeb1e2031c0e4b2175aa618863fe5\">\n<h1 class=\"tb-heading has-text-color\" data-toolset-blocks-heading=\"926c1970f583c63c0cad7db66a716a46\" data-last-update=\"1.4\"><strong>Sign Up Today<\/strong><\/h1>\n<\/div>\n\n\n\n<div class=\"wp-block-toolset-blocks-container tb-container\" data-toolset-blocks-container=\"2fd1cc17265a06489f3b9e17ff0a0d78\">\n<div class=\"wp-block-toolset-blocks-container tb-container\" data-toolset-blocks-container=\"3d8be1327b7aa8db6224b1af881a20c0\"><script>\nvar gform;gform||(document.addEventListener(\"gform_main_scripts_loaded\",function(){gform.scriptsLoaded=!0}),document.addEventListener(\"gform\/theme\/scripts_loaded\",function(){gform.themeScriptsLoaded=!0}),window.addEventListener(\"DOMContentLoaded\",function(){gform.domLoaded=!0}),gform={domLoaded:!1,scriptsLoaded:!1,themeScriptsLoaded:!1,isFormEditor:()=>\"function\"==typeof InitializeEditor,callIfLoaded:function(o){return!(!gform.domLoaded||!gform.scriptsLoaded||!gform.themeScriptsLoaded&&!gform.isFormEditor()||(gform.isFormEditor()&&console.warn(\"The use of gform.initializeOnLoaded() is deprecated in the form editor context and will be removed in Gravity Forms 3.1.\"),o(),0))},initializeOnLoaded:function(o){gform.callIfLoaded(o)||(document.addEventListener(\"gform_main_scripts_loaded\",()=>{gform.scriptsLoaded=!0,gform.callIfLoaded(o)}),document.addEventListener(\"gform\/theme\/scripts_loaded\",()=>{gform.themeScriptsLoaded=!0,gform.callIfLoaded(o)}),window.addEventListener(\"DOMContentLoaded\",()=>{gform.domLoaded=!0,gform.callIfLoaded(o)}))},hooks:{action:{},filter:{}},addAction:function(o,r,e,t){gform.addHook(\"action\",o,r,e,t)},addFilter:function(o,r,e,t){gform.addHook(\"filter\",o,r,e,t)},doAction:function(o){gform.doHook(\"action\",o,arguments)},applyFilters:function(o){return gform.doHook(\"filter\",o,arguments)},removeAction:function(o,r){gform.removeHook(\"action\",o,r)},removeFilter:function(o,r,e){gform.removeHook(\"filter\",o,r,e)},addHook:function(o,r,e,t,n){null==gform.hooks[o][r]&&(gform.hooks[o][r]=[]);var d=gform.hooks[o][r];null==n&&(n=r+\"_\"+d.length),gform.hooks[o][r].push({tag:n,callable:e,priority:t=null==t?10:t})},doHook:function(r,o,e){var t;if(e=Array.prototype.slice.call(e,1),null!=gform.hooks[r][o]&&((o=gform.hooks[r][o]).sort(function(o,r){return o.priority-r.priority}),o.forEach(function(o){\"function\"!=typeof(t=o.callable)&&(t=window[t]),\"action\"==r?t.apply(null,e):e[0]=t.apply(null,e)})),\"filter\"==r)return e[0]},removeHook:function(o,r,t,n){var e;null!=gform.hooks[o][r]&&(e=(e=gform.hooks[o][r]).filter(function(o,r,e){return!!(null!=n&&n!=o.tag||null!=t&&t!=o.priority)}),gform.hooks[o][r]=e)}});\n<\/script>\n\n                <div class='gf_browser_gecko gform_wrapper gravity-theme gform-theme--no-framework' data-form-theme='gravity-theme' data-form-index='0' id='gform_wrapper_61' >\n                        <div class='gform_heading'>\n                            <h2 class=\"gform_title\">Partnership Form<\/h2>\n                            <p class='gform_description'>Sign up to become a Partner today<\/p>\n                        <\/div><form method='post' enctype='multipart\/form-data'  id='gform_61'  action='\/es\/wp-json\/wp\/v2\/pages\/2387' data-formid='61' novalidate> \r\n <input type='hidden' class='gforms-pum' value='{\"closepopup\":false,\"closedelay\":0,\"openpopup\":false,\"openpopup_id\":0}' \/>\n                        <div class='gform-body gform_body'><div id='gform_fields_61' class='gform_fields top_label form_sublabel_above description_above validation_below'><div id=\"field_61_10\" class=\"gfield gfield--type-honeypot gform_validation_container field_sublabel_above gfield--has-description field_description_above field_validation_below gfield_visibility_visible\"  ><label class='gfield_label gform-field-label' for='input_61_10'>Phone<\/label><div class='gfield_description' id='gfield_description_61_10'>This field is for validation purposes and should be left unchanged.<\/div><div class='ginput_container'><input name='input_10' id='input_61_10' type='text' value='' autocomplete='new-password'\/><\/div><\/div><fieldset id=\"field_61_1\" class=\"gfield gfield--type-name gfield_contains_required field_sublabel_above gfield--no-description field_description_above field_validation_below gfield_visibility_visible\"  ><legend class='gfield_label gform-field-label gfield_label_before_complex' >Name<span class=\"gfield_required\"><span class=\"gfield_required gfield_required_text\">(Required)<\/span><\/span><\/legend><div class='ginput_complex ginput_container ginput_container--name no_prefix has_first_name no_middle_name has_last_name no_suffix gf_name_has_2 ginput_container_name gform-grid-row' id='input_61_1'>\n                            \n                            <span id='input_61_1_3_container' class='name_first gform-grid-col gform-grid-col--size-auto' >\n                                                    <label for='input_61_1_3' class='gform-field-label gform-field-label--type-sub '>First<\/label>\n                                                    <input type='text' name='input_1.3' id='input_61_1_3' value=''   aria-required='true'    autocomplete=\"given-name\" \/>\n                                                <\/span>\n                            \n                            <span id='input_61_1_6_container' class='name_last gform-grid-col gform-grid-col--size-auto' >\n                                                            <label for='input_61_1_6' class='gform-field-label gform-field-label--type-sub '>Last<\/label>\n                                                            <input type='text' name='input_1.6' id='input_61_1_6' value=''   aria-required='true'    autocomplete=\"family-name\" \/>\n                                                        <\/span>\n                            \n                        <\/div><\/fieldset><div id=\"field_61_4\" class=\"gfield gfield--type-email gfield--width-half gfield_contains_required field_sublabel_above gfield--no-description field_description_above field_validation_below gfield_visibility_visible\"  ><label class='gfield_label gform-field-label' for='input_61_4'>Email<span class=\"gfield_required\"><span class=\"gfield_required gfield_required_text\">(Required)<\/span><\/span><\/label><div class='ginput_container ginput_container_email'>\n                            <input name='input_4' id='input_61_4' type='email' value='' class='large'    aria-required=\"true\" aria-invalid=\"false\"  \/>\n                        <\/div><\/div><div id=\"field_61_9\" class=\"gfield gfield--type-phone gfield--width-half field_sublabel_above gfield--no-description field_description_above field_validation_below gfield_visibility_visible\"  ><label class='gfield_label gform-field-label' for='input_61_9'>Phone Number<\/label><div class='ginput_container ginput_container_phone'><input name='input_9' id='input_61_9' type='tel' value='' class='large'    aria-invalid=\"false\"   \/><\/div><\/div><div id=\"field_61_6\" class=\"gfield gfield--type-text gfield--width-full field_sublabel_above gfield--no-description field_description_above field_validation_below gfield_visibility_visible\"  ><label class='gfield_label gform-field-label' for='input_61_6'>Company Name (if applicable)<\/label><div class='ginput_container ginput_container_text'><input name='input_6' id='input_61_6' type='text' value='' class='large'      aria-invalid=\"false\"   \/><\/div><\/div><div id=\"field_61_3\" class=\"gfield gfield--type-textarea field_sublabel_above gfield--no-description field_description_above field_validation_below gfield_visibility_visible\"  ><label class='gfield_label gform-field-label' for='input_61_3'>Comments<\/label><div class='ginput_container ginput_container_textarea'><textarea name='input_3' id='input_61_3' class='textarea medium'   maxlength='600'   aria-invalid=\"false\"   rows='10' cols='50'><\/textarea><\/div><\/div><\/div><\/div>\n        <div class='gform-footer gform_footer top_label'> <input type='submit' id='gform_submit_button_61' class='gform_button button' onclick='gform.submission.handleButtonClick(this);' data-submission-type='submit' value='Submit'  \/> \n            <input type='hidden' class='gform_hidden' name='gform_submission_method' data-js='gform_submission_method_61' value='postback' \/>\n            <input type='hidden' class='gform_hidden' name='gform_theme' data-js='gform_theme_61' id='gform_theme_61' value='gravity-theme' \/>\n            <input type='hidden' class='gform_hidden' name='gform_style_settings' data-js='gform_style_settings_61' id='gform_style_settings_61' value='[]' \/>\n            <input type='hidden' class='gform_hidden' name='is_submit_61' value='1' \/>\n            <input type='hidden' class='gform_hidden' name='gform_submit' value='61' \/>\n            \n            <input type='hidden' class='gform_hidden' name='gform_currency' data-currency='USD' value='ZoaxRuJs77OyRjy6Vk3ShggZpgSW\/DEndp04v+w4ocLptbvOkly7rEETixPn4GuRdUp1zS8sAa61uag0qyI7ffA9\/tj1pWRJnN5LzuMLX5C6Eng=' \/>\n            <input type='hidden' class='gform_hidden' name='gform_unique_id' value='' \/>\n            <input type='hidden' class='gform_hidden' name='state_61' value='WyJbXSIsImU2ZjFmMDJlYTQ5ODQ4M2Y1Y2UwYTUwZjZkMDNiN2Y2Il0=' \/>\n            <input type='hidden' autocomplete='off' class='gform_hidden' name='gform_target_page_number_61' id='gform_target_page_number_61' value='0' \/>\n            <input type='hidden' autocomplete='off' class='gform_hidden' name='gform_source_page_number_61' id='gform_source_page_number_61' value='1' \/>\n            <input type='hidden' name='gform_field_values' value='' \/>\n            \n        <\/div>\n                        <\/form>\n                        <\/div><script>\ngform.initializeOnLoaded( function() {gformInitSpinner( 61, 'https:\/\/ignitecommunityschools.com\/wp-content\/plugins\/gravityforms\/images\/spinner.svg', true );jQuery('#gform_ajax_frame_61').on('load',function(){var contents = jQuery(this).contents().find('*').html();var is_postback = contents.indexOf('GF_AJAX_POSTBACK') >= 0;if(!is_postback){return;}var form_content = jQuery(this).contents().find('#gform_wrapper_61');var is_confirmation = jQuery(this).contents().find('#gform_confirmation_wrapper_61').length > 0;var is_redirect = contents.indexOf('gformRedirect(){') >= 0;var is_form = form_content.length > 0 && ! is_redirect && ! is_confirmation;var mt = parseInt(jQuery('html').css('margin-top'), 10) + parseInt(jQuery('body').css('margin-top'), 10) + 100;if(is_form){jQuery('#gform_wrapper_61').html(form_content.html());if(form_content.hasClass('gform_validation_error')){jQuery('#gform_wrapper_61').addClass('gform_validation_error');} else {jQuery('#gform_wrapper_61').removeClass('gform_validation_error');}setTimeout( function() { \/* delay the scroll by 50 milliseconds to fix a bug in chrome *\/  }, 50 );if(window['gformInitDatepicker']) {gformInitDatepicker();}if(window['gformInitPriceFields']) {gformInitPriceFields();}var current_page = jQuery('#gform_source_page_number_61').val();gformInitSpinner( 61, 'https:\/\/ignitecommunityschools.com\/wp-content\/plugins\/gravityforms\/images\/spinner.svg', true );jQuery(document).trigger('gform_page_loaded', [61, current_page]);window['gf_submitting_61'] = false;}else if(!is_redirect){var confirmation_content = jQuery(this).contents().find('.GF_AJAX_POSTBACK').html();if(!confirmation_content){confirmation_content = contents;}jQuery('#gform_wrapper_61').replaceWith(confirmation_content);jQuery(document).trigger('gform_confirmation_loaded', [61]);window['gf_submitting_61'] = false;wp.a11y.speak(jQuery('#gform_confirmation_message_61').text());}else{jQuery('#gform_61').append(contents);if(window['gformRedirect']) {gformRedirect();}}jQuery(document).trigger(\"gform_pre_post_render\", [{ formId: \"61\", currentPage: \"current_page\", abort: function() { this.preventDefault(); } }]);        if (event && event.defaultPrevented) {                return;        }        const gformWrapperDiv = document.getElementById( \"gform_wrapper_61\" );        if ( gformWrapperDiv ) {            const visibilitySpan = document.createElement( \"span\" );            visibilitySpan.id = \"gform_visibility_test_61\";            gformWrapperDiv.insertAdjacentElement( \"afterend\", visibilitySpan );        }        const visibilityTestDiv = document.getElementById( \"gform_visibility_test_61\" );        let postRenderFired = false;        function triggerPostRender() {            if ( postRenderFired ) {                return;            }            postRenderFired = true;            gform.core.triggerPostRenderEvents( 61, current_page );            if ( visibilityTestDiv ) {                visibilityTestDiv.parentNode.removeChild( visibilityTestDiv );            }        }        function debounce( func, wait, immediate ) {            var timeout;            return function() {                var context = this, args = arguments;                var later = function() {                    timeout = null;                    if ( !immediate ) func.apply( context, args );                };                var callNow = immediate && !timeout;                clearTimeout( timeout );                timeout = setTimeout( later, wait );                if ( callNow ) func.apply( context, args );            };        }        const debouncedTriggerPostRender = debounce( function() {            triggerPostRender();        }, 200 );        if ( visibilityTestDiv && visibilityTestDiv.offsetParent === null ) {            const observer = new MutationObserver( ( mutations ) => {                mutations.forEach( ( mutation ) => {                    if ( mutation.type === 'attributes' && visibilityTestDiv.offsetParent !== null ) {                        debouncedTriggerPostRender();                        observer.disconnect();                    }                });            });            observer.observe( document.body, {                attributes: true,                childList: false,                subtree: true,                attributeFilter: [ 'style', 'class' ],            });        } else {            triggerPostRender();        }    } );} );\n<\/script>\n<\/div>\n<\/div>\n\n\n\n<div style=\"height:100px\" aria-hidden=\"true\" class=\"wp-block-spacer\"><\/div>\n","protected":false},"excerpt":{"rendered":"","protected":false},"author":16,"featured_media":0,"parent":2211,"menu_order":0,"comment_status":"closed","ping_status":"closed","template":"","meta":{"footnotes":""},"class_list":["post-2387","page","type-page","status-publish"],"yoast_head":"<!-- This site is optimized with the Yoast SEO plugin v27.4 - https:\/\/yoast.com\/product\/yoast-seo-wordpress\/ -->\n<title>Sign Up for Updates &amp; Enrollment Info | Ignite Community School<\/title>\n<meta name=\"description\" content=\"Sign up for updates and enrollment information from Ignite Community School. Stay informed about programs, events, and opportunities.\" \/>\n<meta name=\"robots\" content=\"index, follow, max-snippet:-1, max-image-preview:large, max-video-preview:-1\" \/>\n<link rel=\"canonical\" href=\"https:\/\/ignitecommunityschools.com\/es\/encender-una-chispa\/registrarse\/\" \/>\n<meta property=\"og:locale\" content=\"es_MX\" \/>\n<meta property=\"og:type\" content=\"article\" \/>\n<meta property=\"og:title\" content=\"Sign Up for Updates &amp; Enrollment Info | Ignite Community School\" \/>\n<meta property=\"og:description\" content=\"Sign up for updates and enrollment information from Ignite Community School. Stay informed about programs, events, and opportunities.\" \/>\n<meta property=\"og:url\" content=\"https:\/\/ignitecommunityschools.com\/es\/encender-una-chispa\/registrarse\/\" \/>\n<meta property=\"og:site_name\" content=\"Ignite Community School\" \/>\n<meta property=\"article:modified_time\" content=\"2023-03-09T16:47:59+00:00\" \/>\n<meta property=\"og:image\" content=\"https:\/\/ignitecommunityschools.com\/wp-content\/uploads\/2023\/02\/101921-responsiveed-ftw-kathytran-5886-web.webp\" \/>\n\t<meta property=\"og:image:width\" content=\"2000\" \/>\n\t<meta property=\"og:image:height\" content=\"1334\" \/>\n\t<meta property=\"og:image:type\" content=\"image\/webp\" \/>\n<meta name=\"twitter:card\" content=\"summary_large_image\" \/>\n<script type=\"application\/ld+json\" class=\"yoast-schema-graph\">{\"@context\":\"https:\\\/\\\/schema.org\",\"@graph\":[{\"@type\":\"WebPage\",\"@id\":\"https:\\\/\\\/ignitecommunityschools.com\\\/ignite-a-spark\\\/sign-up\\\/\",\"url\":\"https:\\\/\\\/ignitecommunityschools.com\\\/ignite-a-spark\\\/sign-up\\\/\",\"name\":\"Sign Up for Updates & Enrollment Info | Ignite Community School\",\"isPartOf\":{\"@id\":\"https:\\\/\\\/ignitecommunityschools.com\\\/#website\"},\"datePublished\":\"2023-03-09T16:45:02+00:00\",\"dateModified\":\"2023-03-09T16:47:59+00:00\",\"description\":\"Sign up for updates and enrollment information from Ignite Community School. Stay informed about programs, events, and opportunities.\",\"breadcrumb\":{\"@id\":\"https:\\\/\\\/ignitecommunityschools.com\\\/ignite-a-spark\\\/sign-up\\\/#breadcrumb\"},\"inLanguage\":\"es\",\"potentialAction\":[{\"@type\":\"ReadAction\",\"target\":[\"https:\\\/\\\/ignitecommunityschools.com\\\/ignite-a-spark\\\/sign-up\\\/\"]}]},{\"@type\":\"BreadcrumbList\",\"@id\":\"https:\\\/\\\/ignitecommunityschools.com\\\/ignite-a-spark\\\/sign-up\\\/#breadcrumb\",\"itemListElement\":[{\"@type\":\"ListItem\",\"position\":1,\"name\":\"Home\",\"item\":\"https:\\\/\\\/ignitecommunityschools.com\\\/\"},{\"@type\":\"ListItem\",\"position\":2,\"name\":\"Ignite A Spark\",\"item\":\"https:\\\/\\\/ignitecommunityschools.com\\\/ignite-a-spark\\\/\"},{\"@type\":\"ListItem\",\"position\":3,\"name\":\"Sign Up\"}]},{\"@type\":\"WebSite\",\"@id\":\"https:\\\/\\\/ignitecommunityschools.com\\\/#website\",\"url\":\"https:\\\/\\\/ignitecommunityschools.com\\\/\",\"name\":\"Ignite Community School\",\"description\":\"Ignite the Spark to Lead the Future\",\"publisher\":{\"@id\":\"https:\\\/\\\/ignitecommunityschools.com\\\/#organization\"},\"potentialAction\":[{\"@type\":\"SearchAction\",\"target\":{\"@type\":\"EntryPoint\",\"urlTemplate\":\"https:\\\/\\\/ignitecommunityschools.com\\\/?s={search_term_string}\"},\"query-input\":{\"@type\":\"PropertyValueSpecification\",\"valueRequired\":true,\"valueName\":\"search_term_string\"}}],\"inLanguage\":\"es\"},{\"@type\":\"Organization\",\"@id\":\"https:\\\/\\\/ignitecommunityschools.com\\\/#organization\",\"name\":\"Ignite Community School\",\"url\":\"https:\\\/\\\/ignitecommunityschools.com\\\/\",\"logo\":{\"@type\":\"ImageObject\",\"inLanguage\":\"es\",\"@id\":\"https:\\\/\\\/ignitecommunityschools.com\\\/#\\\/schema\\\/logo\\\/image\\\/\",\"url\":\"https:\\\/\\\/ignitecommunityschools.com\\\/wp-content\\\/uploads\\\/2021\\\/05\\\/2020-21-Logos_IgniteComunity-icon.png\",\"contentUrl\":\"https:\\\/\\\/ignitecommunityschools.com\\\/wp-content\\\/uploads\\\/2021\\\/05\\\/2020-21-Logos_IgniteComunity-icon.png\",\"width\":8001,\"height\":8001,\"caption\":\"Ignite Community School\"},\"image\":{\"@id\":\"https:\\\/\\\/ignitecommunityschools.com\\\/#\\\/schema\\\/logo\\\/image\\\/\"}}]}<\/script>\n<!-- \/ Yoast SEO plugin. -->","yoast_head_json":{"title":"Suscr\u00edbete para recibir novedades e informaci\u00f3n sobre la inscripci\u00f3n | Ignite Community School","description":"Suscr\u00edbete para recibir novedades e informaci\u00f3n sobre la inscripci\u00f3n en Ignite Community School. Mantente al tanto de los programas, eventos y oportunidades.","robots":{"index":"index","follow":"follow","max-snippet":"max-snippet:-1","max-image-preview":"max-image-preview:large","max-video-preview":"max-video-preview:-1"},"canonical":"https:\/\/ignitecommunityschools.com\/es\/encender-una-chispa\/registrarse\/","og_locale":"es_MX","og_type":"article","og_title":"Sign Up for Updates & Enrollment Info | Ignite Community School","og_description":"Sign up for updates and enrollment information from Ignite Community School. Stay informed about programs, events, and opportunities.","og_url":"https:\/\/ignitecommunityschools.com\/es\/encender-una-chispa\/registrarse\/","og_site_name":"Ignite Community School","article_modified_time":"2023-03-09T16:47:59+00:00","og_image":[{"width":2000,"height":1334,"url":"https:\/\/ignitecommunityschools.com\/wp-content\/uploads\/2023\/02\/101921-responsiveed-ftw-kathytran-5886-web.webp","type":"image\/webp"}],"twitter_card":"summary_large_image","schema":{"@context":"https:\/\/schema.org","@graph":[{"@type":"WebPage","@id":"https:\/\/ignitecommunityschools.com\/ignite-a-spark\/sign-up\/","url":"https:\/\/ignitecommunityschools.com\/ignite-a-spark\/sign-up\/","name":"Suscr\u00edbete para recibir novedades e informaci\u00f3n sobre la inscripci\u00f3n | Ignite Community School","isPartOf":{"@id":"https:\/\/ignitecommunityschools.com\/#website"},"datePublished":"2023-03-09T16:45:02+00:00","dateModified":"2023-03-09T16:47:59+00:00","description":"Suscr\u00edbete para recibir novedades e informaci\u00f3n sobre la inscripci\u00f3n en Ignite Community School. Mantente al tanto de los programas, eventos y oportunidades.","breadcrumb":{"@id":"https:\/\/ignitecommunityschools.com\/ignite-a-spark\/sign-up\/#breadcrumb"},"inLanguage":"es","potentialAction":[{"@type":"ReadAction","target":["https:\/\/ignitecommunityschools.com\/ignite-a-spark\/sign-up\/"]}]},{"@type":"BreadcrumbList","@id":"https:\/\/ignitecommunityschools.com\/ignite-a-spark\/sign-up\/#breadcrumb","itemListElement":[{"@type":"ListItem","position":1,"name":"Home","item":"https:\/\/ignitecommunityschools.com\/"},{"@type":"ListItem","position":2,"name":"Ignite A Spark","item":"https:\/\/ignitecommunityschools.com\/ignite-a-spark\/"},{"@type":"ListItem","position":3,"name":"Sign Up"}]},{"@type":"WebSite","@id":"https:\/\/ignitecommunityschools.com\/#website","url":"https:\/\/ignitecommunityschools.com\/","name":"Escuela Comunitaria Ignite","description":"Enciende la chispa para liderar el futuro","publisher":{"@id":"https:\/\/ignitecommunityschools.com\/#organization"},"potentialAction":[{"@type":"SearchAction","target":{"@type":"EntryPoint","urlTemplate":"https:\/\/ignitecommunityschools.com\/?s={search_term_string}"},"query-input":{"@type":"PropertyValueSpecification","valueRequired":true,"valueName":"search_term_string"}}],"inLanguage":"es"},{"@type":"Organization","@id":"https:\/\/ignitecommunityschools.com\/#organization","name":"Escuela Comunitaria Ignite","url":"https:\/\/ignitecommunityschools.com\/","logo":{"@type":"ImageObject","inLanguage":"es","@id":"https:\/\/ignitecommunityschools.com\/#\/schema\/logo\/image\/","url":"https:\/\/ignitecommunityschools.com\/wp-content\/uploads\/2021\/05\/2020-21-Logos_IgniteComunity-icon.png","contentUrl":"https:\/\/ignitecommunityschools.com\/wp-content\/uploads\/2021\/05\/2020-21-Logos_IgniteComunity-icon.png","width":8001,"height":8001,"caption":"Ignite Community School"},"image":{"@id":"https:\/\/ignitecommunityschools.com\/#\/schema\/logo\/image\/"}}]}},"_links":{"self":[{"href":"https:\/\/ignitecommunityschools.com\/es\/wp-json\/wp\/v2\/pages\/2387","targetHints":{"allow":["GET"]}}],"collection":[{"href":"https:\/\/ignitecommunityschools.com\/es\/wp-json\/wp\/v2\/pages"}],"about":[{"href":"https:\/\/ignitecommunityschools.com\/es\/wp-json\/wp\/v2\/types\/page"}],"author":[{"embeddable":true,"href":"https:\/\/ignitecommunityschools.com\/es\/wp-json\/wp\/v2\/users\/16"}],"replies":[{"embeddable":true,"href":"https:\/\/ignitecommunityschools.com\/es\/wp-json\/wp\/v2\/comments?post=2387"}],"version-history":[{"count":0,"href":"https:\/\/ignitecommunityschools.com\/es\/wp-json\/wp\/v2\/pages\/2387\/revisions"}],"up":[{"embeddable":true,"href":"https:\/\/ignitecommunityschools.com\/es\/wp-json\/wp\/v2\/pages\/2211"}],"wp:attachment":[{"href":"https:\/\/ignitecommunityschools.com\/es\/wp-json\/wp\/v2\/media?parent=2387"}],"curies":[{"name":"wp","href":"https:\/\/api.w.org\/{rel}","templated":true}]}}