{"id":2211,"date":"2023-03-06T20:07:09","date_gmt":"2023-03-06T20:07:09","guid":{"rendered":"https:\/\/ignitecommunityschools.com\/?page_id=2211"},"modified":"2024-11-19T21:06:21","modified_gmt":"2024-11-19T21:06:21","slug":"encender-una-chispa","status":"publish","type":"page","link":"https:\/\/ignitecommunityschools.com\/es\/ignite-a-spark\/","title":{"rendered":"Enciende una chispa"},"content":{"rendered":"<div class=\"wp-block-toolset-blocks-container tb-container dark-overlay\" data-toolset-blocks-container=\"4e80406e5fb72b39287b178e1de9fe8b\">\n<h1 class=\"tb-heading has-text-color\" data-toolset-blocks-heading=\"926c1970f583c63c0cad7db66a716a46\" data-last-update=\"1.4\"><strong>ENCIENDE UNA CHISPA<\/strong><\/h1>\n<\/div>\n\n\n\n<div class=\"wp-block-toolset-blocks-container tb-container\" data-toolset-blocks-container=\"985b69be0d3aabf606a83b5323e5b66d\">\n<div class=\"wp-block-toolset-blocks-container tb-container\" data-toolset-blocks-container=\"ce97164df8b4c0eb85d2ce48f479e941\">\n<div class=\"wp-block-toolset-blocks-grid tb-grid\" data-toolset-blocks-grid=\"356d89a0cd305cbec9438273423c80bb\">\n<div class=\"wp-block-toolset-blocks-grid-column tb-grid-column tb-grid-align-center\" data-toolset-blocks-grid-column=\"f586ff7bfe1d7317c63162ec7b7039ed\">\n<figure class=\"wp-block-image size-large\"><img loading=\"lazy\" decoding=\"async\" width=\"1024\" height=\"683\" src=\"https:\/\/ignitecommunityschools.com\/wp-content\/uploads\/2023\/02\/101921-responsiveed-ftw-kathytran-5510-web-1024x683.webp\" alt=\"Ni\u00f1os trabajando en un proyecto en clase.\" class=\"wp-image-2104\" srcset=\"https:\/\/ignitecommunityschools.com\/wp-content\/uploads\/2023\/02\/101921-responsiveed-ftw-kathytran-5510-web-1024x683.webp 1024w, https:\/\/ignitecommunityschools.com\/wp-content\/uploads\/2023\/02\/101921-responsiveed-ftw-kathytran-5510-web-300x200.webp 300w, https:\/\/ignitecommunityschools.com\/wp-content\/uploads\/2023\/02\/101921-responsiveed-ftw-kathytran-5510-web-768x512.webp 768w, https:\/\/ignitecommunityschools.com\/wp-content\/uploads\/2023\/02\/101921-responsiveed-ftw-kathytran-5510-web-1536x1025.webp 1536w, https:\/\/ignitecommunityschools.com\/wp-content\/uploads\/2023\/02\/101921-responsiveed-ftw-kathytran-5510-web.webp 2000w\" sizes=\"auto, (max-width: 1024px) 100vw, 1024px\" \/><\/figure>\n<\/div>\n\n\n\n<div class=\"wp-block-toolset-blocks-grid-column tb-grid-column tb-grid-align-center\" data-toolset-blocks-grid-column=\"f586ff7bfe1d7317c63162ec7b7039ed\">\n<h4 class=\"tb-heading has-text-color has-background\" data-toolset-blocks-heading=\"6fdfa086ebde29783d93683579e8e6a8\" data-last-update=\"1.4\">Donar<\/h4>\n\n\n\n<div class=\"tb-fields-and-text\" data-toolset-blocks-fields-and-text=\"c3897fec766a15b3d921cda7bb760404\"><p style=\"text-align: left;\">Al contribuir a nuestra escuela, ayudar\u00e1s a garantizar que todos los estudiantes tengan acceso a una educaci\u00f3n de alta calidad y un futuro prometedor. Con tu donaci\u00f3n, podemos brindarles a los ni\u00f1os recursos y actividades extracurriculares que tanto necesitan, algo que no ser\u00eda posible sin tu apoyo. Donar a nuestra escuela les brindar\u00e1 a los ni\u00f1os la oportunidad de sobresalir y descubrir todo su potencial. Te invitamos a formar parte de este gran viaje. Sigue el enlace a continuaci\u00f3n y selecciona una escuela del men\u00fa desplegable.<\/p><\/div>\n\n\n\n<div class=\"tb-button\" data-toolset-blocks-button=\"9d5dfaa35edcc5d616d8d916312951c3\"><a class=\"tb-button__link\" href=\"https:\/\/responsiveed.tedk12.com\/hire\/ViewJob.aspx?JobID=8866\" target=\"_blank\" rel=\"noopener\"><i class=\"tb-button__icon\"><\/i><span class=\"tb-button__content\">Dona hoy<\/span><\/a><\/div>\n<\/div>\n<\/div>\n<\/div>\n\n\n\n<div style=\"height:50px\" aria-hidden=\"true\" class=\"wp-block-spacer\"><\/div>\n\n\n\n<div class=\"wp-block-toolset-blocks-container tb-container\" data-toolset-blocks-container=\"aba3065c988fcaccc4dd8591d7d5bc70\">\n<div class=\"wp-block-toolset-blocks-grid tb-grid\" data-toolset-blocks-grid=\"356d89a0cd305cbec9438273423c80bb\">\n<div class=\"wp-block-toolset-blocks-grid-column tb-grid-column tb-grid-align-center\" data-toolset-blocks-grid-column=\"f586ff7bfe1d7317c63162ec7b7039ed\">\n<h4 class=\"tb-heading has-text-color has-background\" data-toolset-blocks-heading=\"0b6af85f2fa49f9549c954aa6310fdd5\" data-last-update=\"1.4\">Asociate con nosotros<\/h4>\n\n\n\n<div class=\"tb-fields-and-text\" data-toolset-blocks-fields-and-text=\"0e5dd388a1bd417fc419f8bc5f038a0d\"><p>Colaborar con nuestra escuela es una forma incre\u00edblemente beneficiosa para que las empresas contribuyan positivamente a la comunidad. A trav\u00e9s de pasant\u00edas, donaciones y servicios, usted puede brindar un apoyo esencial a nuestra escuela y a sus estudiantes. Las pasant\u00edas ayudan a nuestros estudiantes a desarrollar sus habilidades para que puedan adaptarse sin problemas a su trayectoria profesional deseada. Las donaciones permiten que nuestra escuela contin\u00fae brindando una educaci\u00f3n de calidad y financie nuestras diversas actividades extracurriculares, como programas deportivos y art\u00edsticos. Finalmente, las donaciones de sus servicios nos permiten brindar recursos nuevos y mejorados a nuestros estudiantes. Le agradecemos de antemano su generosa contribuci\u00f3n a nuestra escuela y al futuro de nuestros estudiantes.<\/p><\/div>\n\n\n\n<div class=\"tb-button\" data-toolset-blocks-button=\"1383edae706d56d550fc87abf83595c0\"><a class=\"tb-button__link\" href=\"https:\/\/foundation.responsiveed.com\/donate-now\" target=\"_blank\" rel=\"noopener\"><i class=\"tb-button__icon\"><\/i><span class=\"tb-button__content\">Asociese con nosotros hoy<\/span><\/a><\/div>\n<\/div>\n\n\n\n<div class=\"wp-block-toolset-blocks-grid-column tb-grid-column tb-grid-align-center\" data-toolset-blocks-grid-column=\"f586ff7bfe1d7317c63162ec7b7039ed\">\n<figure class=\"wp-block-image size-large\"><img loading=\"lazy\" decoding=\"async\" width=\"1024\" height=\"683\" src=\"https:\/\/ignitecommunityschools.com\/wp-content\/uploads\/2023\/02\/101921-responsiveed-ftw-kathytran-6005-web-e1678288281442-1024x683.webp\" alt=\"Ni\u00f1os trabajando en un proyecto en clase.\" class=\"wp-image-2129\" srcset=\"https:\/\/ignitecommunityschools.com\/wp-content\/uploads\/2023\/02\/101921-responsiveed-ftw-kathytran-6005-web-e1678288281442-1024x683.webp 1024w, https:\/\/ignitecommunityschools.com\/wp-content\/uploads\/2023\/02\/101921-responsiveed-ftw-kathytran-6005-web-e1678288281442-300x200.webp 300w, https:\/\/ignitecommunityschools.com\/wp-content\/uploads\/2023\/02\/101921-responsiveed-ftw-kathytran-6005-web-e1678288281442-768x512.webp 768w, https:\/\/ignitecommunityschools.com\/wp-content\/uploads\/2023\/02\/101921-responsiveed-ftw-kathytran-6005-web-e1678288281442-1536x1025.webp 1536w, https:\/\/ignitecommunityschools.com\/wp-content\/uploads\/2023\/02\/101921-responsiveed-ftw-kathytran-6005-web-e1678288281442.webp 2000w\" sizes=\"auto, (max-width: 1024px) 100vw, 1024px\" \/><\/figure>\n<\/div>\n<\/div>\n<\/div>\n\n\n\n<div style=\"height:50px\" aria-hidden=\"true\" class=\"wp-block-spacer\"><\/div>\n\n\n\n<div class=\"wp-block-toolset-blocks-container tb-container\" data-toolset-blocks-container=\"75166ae17ebcee7cdf7c3c32971fde11\">\n<div class=\"wp-block-toolset-blocks-grid tb-grid\" data-toolset-blocks-grid=\"356d89a0cd305cbec9438273423c80bb\">\n<div class=\"wp-block-toolset-blocks-grid-column tb-grid-column tb-grid-align-center\" data-toolset-blocks-grid-column=\"f586ff7bfe1d7317c63162ec7b7039ed\">\n<figure class=\"wp-block-image size-large\"><img loading=\"lazy\" decoding=\"async\" width=\"1024\" height=\"683\" src=\"https:\/\/ignitecommunityschools.com\/wp-content\/uploads\/2023\/02\/101921-responsiveed-ftw-kathytran-6406-web-1024x683.webp\" alt=\"\" class=\"wp-image-2096\" srcset=\"https:\/\/ignitecommunityschools.com\/wp-content\/uploads\/2023\/02\/101921-responsiveed-ftw-kathytran-6406-web-1024x683.webp 1024w, https:\/\/ignitecommunityschools.com\/wp-content\/uploads\/2023\/02\/101921-responsiveed-ftw-kathytran-6406-web-300x200.webp 300w, https:\/\/ignitecommunityschools.com\/wp-content\/uploads\/2023\/02\/101921-responsiveed-ftw-kathytran-6406-web-768x512.webp 768w, https:\/\/ignitecommunityschools.com\/wp-content\/uploads\/2023\/02\/101921-responsiveed-ftw-kathytran-6406-web-1536x1025.webp 1536w, https:\/\/ignitecommunityschools.com\/wp-content\/uploads\/2023\/02\/101921-responsiveed-ftw-kathytran-6406-web.webp 2000w\" sizes=\"auto, (max-width: 1024px) 100vw, 1024px\" \/><\/figure>\n<\/div>\n\n\n\n<div class=\"wp-block-toolset-blocks-grid-column tb-grid-column tb-grid-align-center\" data-toolset-blocks-grid-column=\"f586ff7bfe1d7317c63162ec7b7039ed\">\n<h4 class=\"tb-heading has-text-color has-background\" data-toolset-blocks-heading=\"20f46f53952cf0a96a7a06f9275d2097\" data-last-update=\"1.4\">Colabora con nosotros<\/h4>\n\n\n\n<div class=\"tb-fields-and-text\" data-toolset-blocks-fields-and-text=\"0e5dd388a1bd417fc419f8bc5f038a0d\"><p style=\"text-align: left;\">Colaborar con nuestra escuela es una forma incre\u00edblemente beneficiosa para que las empresas contribuyan positivamente a la comunidad. A trav\u00e9s de pr\u00e1cticas, donaciones y servicios, puede proporcionar un apoyo esencial a nuestra escuela y a sus alumnos. Las pr\u00e1cticas ayudan a desarrollar las habilidades de nuestros alumnos para que puedan realizar una transici\u00f3n fluida hacia la carrera profesional que desean. Las donaciones permiten a nuestra escuela seguir ofreciendo una educaci\u00f3n de calidad y financiar nuestras diversas actividades extracurriculares, como los programas deportivos y art\u00edsticos. Por \u00faltimo, las donaciones de sus servicios nos permiten ofrecer recursos nuevos y mejorados a nuestros alumnos. Le agradecemos de antemano su generosa contribuci\u00f3n a nuestra escuela y al futuro de nuestros alumnos.<\/p><\/div>\n\n\n\n<div class=\"tb-button\" data-toolset-blocks-button=\"42bf0f51573b49b532602133fbbcc01b\"><a class=\"tb-button__link\" href=\"\/es\/encender-una-chispa\/registrarse\/\"><i class=\"tb-button__icon\"><\/i><span class=\"tb-button__content\">As\u00f3ciese con nosotros hoy mismo<\/span><\/a><\/div>\n<\/div>\n<\/div>\n<\/div>\n<\/div>\n\n\n\n<div style=\"height:100px\" aria-hidden=\"true\" class=\"wp-block-spacer\"><\/div>","protected":false},"excerpt":{"rendered":"","protected":false},"author":16,"featured_media":0,"parent":0,"menu_order":0,"comment_status":"closed","ping_status":"closed","template":"","meta":{"footnotes":""},"class_list":["post-2211","page","type-page","status-publish"],"yoast_head":"<!-- This site is optimized with the Yoast SEO plugin v27.4 - https:\/\/yoast.com\/product\/yoast-seo-wordpress\/ -->\n<title>Ignite a Spark in Learning | Ignite Community School<\/title>\n<meta name=\"description\" content=\"Ignite a Spark helps students build confidence, set goals, and stay engaged through mentorship, enrichment, and personalized support.\" \/>\n<meta name=\"robots\" content=\"index, follow, max-snippet:-1, max-image-preview:large, max-video-preview:-1\" \/>\n<link rel=\"canonical\" href=\"https:\/\/ignitecommunityschools.com\/es\/encender-una-chispa\/\" \/>\n<meta property=\"og:locale\" content=\"es_MX\" \/>\n<meta property=\"og:type\" content=\"article\" \/>\n<meta property=\"og:title\" content=\"Ignite a Spark in Learning | Ignite Community School\" \/>\n<meta property=\"og:description\" content=\"Ignite a Spark helps students build confidence, set goals, and stay engaged through mentorship, enrichment, and personalized support.\" \/>\n<meta property=\"og:url\" content=\"https:\/\/ignitecommunityschools.com\/es\/encender-una-chispa\/\" \/>\n<meta property=\"og:site_name\" content=\"Ignite Community School\" \/>\n<meta property=\"article:modified_time\" content=\"2024-11-19T21:06:21+00:00\" \/>\n<meta property=\"og:image\" content=\"https:\/\/ignitecommunityschools.com\/wp-content\/uploads\/2023\/02\/101921-responsiveed-ftw-kathytran-5510-web.webp\" \/>\n\t<meta property=\"og:image:width\" content=\"2000\" \/>\n\t<meta property=\"og:image:height\" content=\"1334\" \/>\n\t<meta property=\"og:image:type\" content=\"image\/webp\" \/>\n<meta name=\"twitter:card\" content=\"summary_large_image\" \/>\n<script type=\"application\/ld+json\" class=\"yoast-schema-graph\">{\"@context\":\"https:\\\/\\\/schema.org\",\"@graph\":[{\"@type\":\"WebPage\",\"@id\":\"https:\\\/\\\/ignitecommunityschools.com\\\/ignite-a-spark\\\/\",\"url\":\"https:\\\/\\\/ignitecommunityschools.com\\\/ignite-a-spark\\\/\",\"name\":\"Ignite a Spark in Learning | Ignite Community School\",\"isPartOf\":{\"@id\":\"https:\\\/\\\/ignitecommunityschools.com\\\/#website\"},\"primaryImageOfPage\":{\"@id\":\"https:\\\/\\\/ignitecommunityschools.com\\\/ignite-a-spark\\\/#primaryimage\"},\"image\":{\"@id\":\"https:\\\/\\\/ignitecommunityschools.com\\\/ignite-a-spark\\\/#primaryimage\"},\"thumbnailUrl\":\"https:\\\/\\\/ignitecommunityschools.com\\\/wp-content\\\/uploads\\\/2023\\\/02\\\/101921-responsiveed-ftw-kathytran-5510-web-1024x683.webp\",\"datePublished\":\"2023-03-06T20:07:09+00:00\",\"dateModified\":\"2024-11-19T21:06:21+00:00\",\"description\":\"Ignite a Spark helps students build confidence, set goals, and stay engaged through mentorship, enrichment, and personalized support.\",\"breadcrumb\":{\"@id\":\"https:\\\/\\\/ignitecommunityschools.com\\\/ignite-a-spark\\\/#breadcrumb\"},\"inLanguage\":\"es\",\"potentialAction\":[{\"@type\":\"ReadAction\",\"target\":[\"https:\\\/\\\/ignitecommunityschools.com\\\/ignite-a-spark\\\/\"]}]},{\"@type\":\"ImageObject\",\"inLanguage\":\"es\",\"@id\":\"https:\\\/\\\/ignitecommunityschools.com\\\/ignite-a-spark\\\/#primaryimage\",\"url\":\"https:\\\/\\\/ignitecommunityschools.com\\\/wp-content\\\/uploads\\\/2023\\\/02\\\/101921-responsiveed-ftw-kathytran-5510-web-1024x683.webp\",\"contentUrl\":\"https:\\\/\\\/ignitecommunityschools.com\\\/wp-content\\\/uploads\\\/2023\\\/02\\\/101921-responsiveed-ftw-kathytran-5510-web-1024x683.webp\"},{\"@type\":\"BreadcrumbList\",\"@id\":\"https:\\\/\\\/ignitecommunityschools.com\\\/ignite-a-spark\\\/#breadcrumb\",\"itemListElement\":[{\"@type\":\"ListItem\",\"position\":1,\"name\":\"Home\",\"item\":\"https:\\\/\\\/ignitecommunityschools.com\\\/\"},{\"@type\":\"ListItem\",\"position\":2,\"name\":\"Ignite A Spark\"}]},{\"@type\":\"WebSite\",\"@id\":\"https:\\\/\\\/ignitecommunityschools.com\\\/#website\",\"url\":\"https:\\\/\\\/ignitecommunityschools.com\\\/\",\"name\":\"Ignite Community School\",\"description\":\"Ignite the Spark to Lead the Future\",\"publisher\":{\"@id\":\"https:\\\/\\\/ignitecommunityschools.com\\\/#organization\"},\"potentialAction\":[{\"@type\":\"SearchAction\",\"target\":{\"@type\":\"EntryPoint\",\"urlTemplate\":\"https:\\\/\\\/ignitecommunityschools.com\\\/?s={search_term_string}\"},\"query-input\":{\"@type\":\"PropertyValueSpecification\",\"valueRequired\":true,\"valueName\":\"search_term_string\"}}],\"inLanguage\":\"es\"},{\"@type\":\"Organization\",\"@id\":\"https:\\\/\\\/ignitecommunityschools.com\\\/#organization\",\"name\":\"Ignite Community School\",\"url\":\"https:\\\/\\\/ignitecommunityschools.com\\\/\",\"logo\":{\"@type\":\"ImageObject\",\"inLanguage\":\"es\",\"@id\":\"https:\\\/\\\/ignitecommunityschools.com\\\/#\\\/schema\\\/logo\\\/image\\\/\",\"url\":\"https:\\\/\\\/ignitecommunityschools.com\\\/wp-content\\\/uploads\\\/2021\\\/05\\\/2020-21-Logos_IgniteComunity-icon.png\",\"contentUrl\":\"https:\\\/\\\/ignitecommunityschools.com\\\/wp-content\\\/uploads\\\/2021\\\/05\\\/2020-21-Logos_IgniteComunity-icon.png\",\"width\":8001,\"height\":8001,\"caption\":\"Ignite Community School\"},\"image\":{\"@id\":\"https:\\\/\\\/ignitecommunityschools.com\\\/#\\\/schema\\\/logo\\\/image\\\/\"}}]}<\/script>\n<!-- \/ Yoast SEO plugin. -->","yoast_head_json":{"title":"Enciende la chispa del aprendizaje | Escuela Comunitaria Ignite","description":"Ignite a Spark ayuda a los estudiantes a desarrollar su confianza, establecer metas y mantenerse comprometidos a trav\u00e9s de la tutor\u00eda, el enriquecimiento y el apoyo personalizado.","robots":{"index":"index","follow":"follow","max-snippet":"max-snippet:-1","max-image-preview":"max-image-preview:large","max-video-preview":"max-video-preview:-1"},"canonical":"https:\/\/ignitecommunityschools.com\/es\/encender-una-chispa\/","og_locale":"es_MX","og_type":"article","og_title":"Ignite a Spark in Learning | Ignite Community School","og_description":"Ignite a Spark helps students build confidence, set goals, and stay engaged through mentorship, enrichment, and personalized support.","og_url":"https:\/\/ignitecommunityschools.com\/es\/encender-una-chispa\/","og_site_name":"Ignite Community School","article_modified_time":"2024-11-19T21:06:21+00:00","og_image":[{"width":2000,"height":1334,"url":"https:\/\/ignitecommunityschools.com\/wp-content\/uploads\/2023\/02\/101921-responsiveed-ftw-kathytran-5510-web.webp","type":"image\/webp"}],"twitter_card":"summary_large_image","schema":{"@context":"https:\/\/schema.org","@graph":[{"@type":"WebPage","@id":"https:\/\/ignitecommunityschools.com\/ignite-a-spark\/","url":"https:\/\/ignitecommunityschools.com\/ignite-a-spark\/","name":"Enciende la chispa del aprendizaje | Escuela Comunitaria Ignite","isPartOf":{"@id":"https:\/\/ignitecommunityschools.com\/#website"},"primaryImageOfPage":{"@id":"https:\/\/ignitecommunityschools.com\/ignite-a-spark\/#primaryimage"},"image":{"@id":"https:\/\/ignitecommunityschools.com\/ignite-a-spark\/#primaryimage"},"thumbnailUrl":"https:\/\/ignitecommunityschools.com\/wp-content\/uploads\/2023\/02\/101921-responsiveed-ftw-kathytran-5510-web-1024x683.webp","datePublished":"2023-03-06T20:07:09+00:00","dateModified":"2024-11-19T21:06:21+00:00","description":"Ignite a Spark ayuda a los estudiantes a desarrollar su confianza, establecer metas y mantenerse comprometidos a trav\u00e9s de la tutor\u00eda, el enriquecimiento y el apoyo personalizado.","breadcrumb":{"@id":"https:\/\/ignitecommunityschools.com\/ignite-a-spark\/#breadcrumb"},"inLanguage":"es","potentialAction":[{"@type":"ReadAction","target":["https:\/\/ignitecommunityschools.com\/ignite-a-spark\/"]}]},{"@type":"ImageObject","inLanguage":"es","@id":"https:\/\/ignitecommunityschools.com\/ignite-a-spark\/#primaryimage","url":"https:\/\/ignitecommunityschools.com\/wp-content\/uploads\/2023\/02\/101921-responsiveed-ftw-kathytran-5510-web-1024x683.webp","contentUrl":"https:\/\/ignitecommunityschools.com\/wp-content\/uploads\/2023\/02\/101921-responsiveed-ftw-kathytran-5510-web-1024x683.webp"},{"@type":"BreadcrumbList","@id":"https:\/\/ignitecommunityschools.com\/ignite-a-spark\/#breadcrumb","itemListElement":[{"@type":"ListItem","position":1,"name":"Home","item":"https:\/\/ignitecommunityschools.com\/"},{"@type":"ListItem","position":2,"name":"Ignite A Spark"}]},{"@type":"WebSite","@id":"https:\/\/ignitecommunityschools.com\/#website","url":"https:\/\/ignitecommunityschools.com\/","name":"Escuela Comunitaria Ignite","description":"Enciende la chispa para liderar el futuro","publisher":{"@id":"https:\/\/ignitecommunityschools.com\/#organization"},"potentialAction":[{"@type":"SearchAction","target":{"@type":"EntryPoint","urlTemplate":"https:\/\/ignitecommunityschools.com\/?s={search_term_string}"},"query-input":{"@type":"PropertyValueSpecification","valueRequired":true,"valueName":"search_term_string"}}],"inLanguage":"es"},{"@type":"Organization","@id":"https:\/\/ignitecommunityschools.com\/#organization","name":"Escuela Comunitaria Ignite","url":"https:\/\/ignitecommunityschools.com\/","logo":{"@type":"ImageObject","inLanguage":"es","@id":"https:\/\/ignitecommunityschools.com\/#\/schema\/logo\/image\/","url":"https:\/\/ignitecommunityschools.com\/wp-content\/uploads\/2021\/05\/2020-21-Logos_IgniteComunity-icon.png","contentUrl":"https:\/\/ignitecommunityschools.com\/wp-content\/uploads\/2021\/05\/2020-21-Logos_IgniteComunity-icon.png","width":8001,"height":8001,"caption":"Ignite Community School"},"image":{"@id":"https:\/\/ignitecommunityschools.com\/#\/schema\/logo\/image\/"}}]}},"_links":{"self":[{"href":"https:\/\/ignitecommunityschools.com\/es\/wp-json\/wp\/v2\/pages\/2211","targetHints":{"allow":["GET"]}}],"collection":[{"href":"https:\/\/ignitecommunityschools.com\/es\/wp-json\/wp\/v2\/pages"}],"about":[{"href":"https:\/\/ignitecommunityschools.com\/es\/wp-json\/wp\/v2\/types\/page"}],"author":[{"embeddable":true,"href":"https:\/\/ignitecommunityschools.com\/es\/wp-json\/wp\/v2\/users\/16"}],"replies":[{"embeddable":true,"href":"https:\/\/ignitecommunityschools.com\/es\/wp-json\/wp\/v2\/comments?post=2211"}],"version-history":[{"count":0,"href":"https:\/\/ignitecommunityschools.com\/es\/wp-json\/wp\/v2\/pages\/2211\/revisions"}],"wp:attachment":[{"href":"https:\/\/ignitecommunityschools.com\/es\/wp-json\/wp\/v2\/media?parent=2211"}],"curies":[{"name":"wp","href":"https:\/\/api.w.org\/{rel}","templated":true}]}}