{"id":2175,"date":"2023-02-20T21:31:44","date_gmt":"2023-02-20T21:31:44","guid":{"rendered":"https:\/\/ignitecommunityschools.com\/?page_id=2175"},"modified":"2024-11-14T17:47:45","modified_gmt":"2024-11-14T17:47:45","slug":"valores-fundamentales","status":"publish","type":"page","link":"https:\/\/ignitecommunityschools.com\/es\/what-we-believe\/core-values\/","title":{"rendered":"Valores fundamentales"},"content":{"rendered":"<div class=\"wp-block-toolset-blocks-container tb-container dark-overlay\" data-toolset-blocks-container=\"1ffb04fac7113f57c8b9823598b0013e\">\n<h1 class=\"tb-heading has-text-color\" data-toolset-blocks-heading=\"926c1970f583c63c0cad7db66a716a46\" data-last-update=\"1.4\"><strong>NUESTROS VALORES FUNDAMENTALES<\/strong><\/h1>\n<\/div>\n\n\n\n<div class=\"wp-block-toolset-blocks-container tb-container\" data-toolset-blocks-container=\"111147482b1cbf52992e4da67a190ecc\">\n<div class=\"tb-fields-and-text\" data-toolset-blocks-fields-and-text=\"67c76caab4f3aa99fbe1b6186e0e74c0\"><p style=\"text-align: center;\">En la Escuela Comunitaria Ignite, nos dedicamos a brindar a los estudiantes los valores fundamentales que necesitan para convertirse en ciudadanos exitosos en la vida. A trav\u00e9s de nuestro enfoque \u00fanico de ense\u00f1anza, fomentamos el desarrollo de cualidades importantes como la integridad, la resiliencia y la valent\u00eda. Nuestro \u00e9nfasis en el desarrollo de estos valores, junto con una formaci\u00f3n acad\u00e9mica integral, permite a los estudiantes construir bases s\u00f3lidas para un futuro exitoso.<\/p><\/div>\n<\/div>\n\n\n\n<div class=\"wp-block-toolset-blocks-container tb-container\" data-toolset-blocks-container=\"aaaa84f38131fd800a7ff588d324f43e\">\n<div class=\"wp-block-toolset-blocks-container tb-container\" data-toolset-blocks-container=\"64f4239d582d2edadba09f118f26fd3d\">\n<div class=\"tb-fields-and-text\" data-toolset-blocks-fields-and-text=\"6085c780f3159077786468bd889d8518\"><p>El modelo de escuela comunitaria Ignite permite a los alumnos desarrollar un sentido de pertenencia, una comprensi\u00f3n de s\u00ed mismos y una conciencia de su lugar en el mundo que los rodea (y del impacto que tienen en \u00e9l). El aprendizaje no es negociable: podemos, vamos a y debemos tener \u00e9xito. Para garantizar un enfoque del aprendizaje centrado en el alumno, nos basamos en los siguientes principios:&nbsp;<\/p><\/div>\n<\/div>\n<\/div>\n\n\n\n<div class=\"wp-block-toolset-blocks-container tb-container\" data-toolset-blocks-container=\"60898a910b390911dcee987ff34f1bca\">\n<div class=\"wp-block-toolset-blocks-grid tb-grid\" data-toolset-blocks-grid=\"3d9c399fe625e1b972f817a0680229f6\">\n<div class=\"wp-block-toolset-blocks-grid-column tb-grid-column tb-grid-align-top\" data-toolset-blocks-grid-column=\"3034fbe886c11054e95b46b09d3e4112\">\n<div class=\"wp-block-toolset-blocks-container tb-container\" data-toolset-blocks-container=\"efc0585ab401e0d33f3b3e62d36aee77\">\n<div style=\"height:350px\" aria-hidden=\"true\" class=\"wp-block-spacer\"><\/div>\n<\/div>\n<\/div>\n\n\n\n<div class=\"wp-block-toolset-blocks-grid-column tb-grid-column tb-grid-align-top\" data-toolset-blocks-grid-column=\"3034fbe886c11054e95b46b09d3e4112\">\n<div class=\"wp-block-toolset-blocks-container tb-container overlap-container-right\" data-toolset-blocks-container=\"e417a4114719a76f0987ace65abd16da\">\n<div class=\"wp-block-toolset-blocks-container tb-container\" data-toolset-blocks-container=\"4e5f00eb491f74c4b1e7b4e8ee53de7b\">\n<h5 class=\"tb-heading has-text-color\" data-toolset-blocks-heading=\"477e1b7e724c2f9076c1b42644a2101b\" data-last-update=\"1.4\">Ense\u00f1amos con integridad porque nuestros principios no flaquean<\/h5>\n\n\n\n<div class=\"tb-fields-and-text\" data-toolset-blocks-fields-and-text=\"0e5dd388a1bd417fc419f8bc5f038a0d\"><p>Liderar con integridad significa tomar decisiones basadas en principios, no en conveniencia. Da un ejemplo positivo y garantiza la coherencia, la equidad y la confianza en nuestras relaciones. La integridad es la base de todos los equipos y organizaciones sanos y exitosos.<\/p><\/div>\n<\/div>\n<\/div>\n<\/div>\n<\/div>\n<\/div>\n\n\n\n<div class=\"wp-block-toolset-blocks-container tb-container\" data-toolset-blocks-container=\"8dee9684d4e202d421fd62d1cb6701b3\">\n<div class=\"wp-block-toolset-blocks-grid tb-grid\" data-toolset-blocks-grid=\"e7c9fbd982749fbc442ab40d30533966\">\n<div class=\"wp-block-toolset-blocks-grid-column tb-grid-column tb-grid-align-top\" data-toolset-blocks-grid-column=\"3034fbe886c11054e95b46b09d3e4112\">\n<div class=\"wp-block-toolset-blocks-container tb-container overlap-container-left\" data-toolset-blocks-container=\"46998d855ea380ff9590567eae447e06\">\n<div class=\"wp-block-toolset-blocks-container tb-container\" data-toolset-blocks-container=\"c66c6c65d6c3cd61e3c2a0b9b093d5eb\">\n<h5 class=\"tb-heading has-text-color\" data-toolset-blocks-heading=\"477e1b7e724c2f9076c1b42644a2101b\" data-last-update=\"1.4\">Prosperamos con resiliencia sin importar cu\u00e1l sea el desaf\u00edo<\/h5>\n\n\n\n<div class=\"tb-fields-and-text\" data-toolset-blocks-fields-and-text=\"0e5dd388a1bd417fc419f8bc5f038a0d\"><p>La resiliencia es esencial para el \u00e9xito y la felicidad. Es importante desarrollar habilidades y fortaleza para afrontar los altibajos de la vida y esforzarnos por superar los obst\u00e1culos. La resiliencia nos anima a seguir creciendo y a afrontar los retos de la vida con esperanza y determinaci\u00f3n.<\/p><\/div>\n<\/div>\n<\/div>\n<\/div>\n\n\n\n<div class=\"wp-block-toolset-blocks-grid-column tb-grid-column tb-grid-align-top\" data-toolset-blocks-grid-column=\"3034fbe886c11054e95b46b09d3e4112\">\n<div class=\"wp-block-toolset-blocks-container tb-container\" data-toolset-blocks-container=\"25f596c9c53efc24849d0c6a25853bc2\">\n<div style=\"height:350px\" aria-hidden=\"true\" class=\"wp-block-spacer\"><\/div>\n<\/div>\n<\/div>\n<\/div>\n<\/div>\n\n\n\n<div class=\"wp-block-toolset-blocks-container tb-container\" data-toolset-blocks-container=\"60898a910b390911dcee987ff34f1bca\">\n<div class=\"wp-block-toolset-blocks-grid tb-grid\" data-toolset-blocks-grid=\"3d9c399fe625e1b972f817a0680229f6\">\n<div class=\"wp-block-toolset-blocks-grid-column tb-grid-column tb-grid-align-top\" data-toolset-blocks-grid-column=\"3034fbe886c11054e95b46b09d3e4112\">\n<div class=\"wp-block-toolset-blocks-container tb-container\" data-toolset-blocks-container=\"d2916d55097174ae59529eca35008675\">\n<div style=\"height:350px\" aria-hidden=\"true\" class=\"wp-block-spacer\"><\/div>\n<\/div>\n<\/div>\n\n\n\n<div class=\"wp-block-toolset-blocks-grid-column tb-grid-column tb-grid-align-top\" data-toolset-blocks-grid-column=\"3034fbe886c11054e95b46b09d3e4112\">\n<div class=\"wp-block-toolset-blocks-container tb-container overlap-container-right\" data-toolset-blocks-container=\"e417a4114719a76f0987ace65abd16da\">\n<div class=\"wp-block-toolset-blocks-container tb-container\" data-toolset-blocks-container=\"4e5f00eb491f74c4b1e7b4e8ee53de7b\">\n<h5 class=\"tb-heading has-text-color\" data-toolset-blocks-heading=\"477e1b7e724c2f9076c1b42644a2101b\" data-last-update=\"1.4\">Lideramos con valent\u00eda porque nuestros hijos lo merecen<\/h5>\n\n\n\n<div class=\"tb-fields-and-text\" data-toolset-blocks-fields-and-text=\"0e5dd388a1bd417fc419f8bc5f038a0d\"><p>Liderar con valent\u00eda es esencial para inspirar cambios positivos y empoderar a las personas para que se esfuercen por alcanzar la grandeza. Nos permite salir de nuestra zona de confort, tomar decisiones dif\u00edciles y asumir riesgos. La valent\u00eda nos lleva a nuevos descubrimientos y mayores \u00e9xitos, permiti\u00e9ndonos liberar nuestro verdadero potencial.<\/p><\/div>\n<\/div>\n<\/div>\n<\/div>\n<\/div>\n<\/div>\n\n\n\n<div class=\"wp-block-toolset-blocks-container tb-container\" data-toolset-blocks-container=\"8dee9684d4e202d421fd62d1cb6701b3\">\n<div class=\"wp-block-toolset-blocks-grid tb-grid\" data-toolset-blocks-grid=\"e7c9fbd982749fbc442ab40d30533966\">\n<div class=\"wp-block-toolset-blocks-grid-column tb-grid-column tb-grid-align-top\" data-toolset-blocks-grid-column=\"3034fbe886c11054e95b46b09d3e4112\">\n<div class=\"wp-block-toolset-blocks-container tb-container overlap-container-left\" data-toolset-blocks-container=\"46998d855ea380ff9590567eae447e06\">\n<div class=\"wp-block-toolset-blocks-container tb-container\" data-toolset-blocks-container=\"c66c6c65d6c3cd61e3c2a0b9b093d5eb\">\n<h5 class=\"tb-heading has-text-color\" data-toolset-blocks-heading=\"477e1b7e724c2f9076c1b42644a2101b\" data-last-update=\"1.4\">Nos comprometemos con la equidad porque es lo correcto<\/h5>\n\n\n\n<div class=\"tb-fields-and-text\" data-toolset-blocks-fields-and-text=\"0e5dd388a1bd417fc419f8bc5f038a0d\"><p>La equidad es esencial para construir un mundo mejor. Promueve la inclusi\u00f3n y la justicia. Trabajar juntos por la equidad genera mejores resultados para todos y crea una sociedad donde todos puedan prosperar.<\/p><\/div>\n<\/div>\n<\/div>\n<\/div>\n\n\n\n<div class=\"wp-block-toolset-blocks-grid-column tb-grid-column tb-grid-align-top\" data-toolset-blocks-grid-column=\"b82ba0df54d4fce76eabc1d02cb95812\">\n<div class=\"wp-block-toolset-blocks-container tb-container\" data-toolset-blocks-container=\"c23a3353869b1d10c0253fcc76411222\">\n<div style=\"height:350px\" aria-hidden=\"true\" class=\"wp-block-spacer\"><\/div>\n<\/div>\n<\/div>\n<\/div>\n<\/div>\n\n\n\n<div class=\"wp-block-toolset-blocks-container tb-container\" data-toolset-blocks-container=\"60898a910b390911dcee987ff34f1bca\">\n<div class=\"wp-block-toolset-blocks-grid tb-grid\" data-toolset-blocks-grid=\"3d9c399fe625e1b972f817a0680229f6\">\n<div class=\"wp-block-toolset-blocks-grid-column tb-grid-column tb-grid-align-top\" data-toolset-blocks-grid-column=\"3034fbe886c11054e95b46b09d3e4112\">\n<div class=\"wp-block-toolset-blocks-container tb-container\" data-toolset-blocks-container=\"bf21098edc9ef2a68ba4b8a7f67d59ec\">\n<div style=\"height:350px\" aria-hidden=\"true\" class=\"wp-block-spacer\"><\/div>\n<\/div>\n<\/div>\n\n\n\n<div class=\"wp-block-toolset-blocks-grid-column tb-grid-column tb-grid-align-top\" data-toolset-blocks-grid-column=\"3034fbe886c11054e95b46b09d3e4112\">\n<div class=\"wp-block-toolset-blocks-container tb-container overlap-container-right\" data-toolset-blocks-container=\"e417a4114719a76f0987ace65abd16da\">\n<div class=\"wp-block-toolset-blocks-container tb-container\" data-toolset-blocks-container=\"4e5f00eb491f74c4b1e7b4e8ee53de7b\">\n<h5 class=\"tb-heading has-text-color\" data-toolset-blocks-heading=\"477e1b7e724c2f9076c1b42644a2101b\" data-last-update=\"1.4\">Fomentamos el amor por el aprendizaje y por los dem\u00e1s.<\/h5>\n\n\n\n<div class=\"tb-fields-and-text\" data-toolset-blocks-fields-and-text=\"0e5dd388a1bd417fc419f8bc5f038a0d\"><p>Cultivar el amor crea relaciones sanas y positivas, y puede ayudarnos a llevar vidas m\u00e1s plenas y felices. El amor nos permite generar confianza, respeto y comprensi\u00f3n con quienes nos rodean, y es la base de toda conexi\u00f3n genuina. Por lo tanto, es fundamental que nos tomemos el tiempo para cultivar y celebrar el amor en nuestras vidas.<\/p><\/div>\n<\/div>\n<\/div>\n<\/div>\n<\/div>\n<\/div>\n\n\n\n<div class=\"wp-block-toolset-blocks-container tb-container\" data-toolset-blocks-container=\"8dee9684d4e202d421fd62d1cb6701b3\">\n<div class=\"wp-block-toolset-blocks-grid tb-grid\" data-toolset-blocks-grid=\"e7c9fbd982749fbc442ab40d30533966\">\n<div class=\"wp-block-toolset-blocks-grid-column tb-grid-column tb-grid-align-top\" data-toolset-blocks-grid-column=\"3034fbe886c11054e95b46b09d3e4112\">\n<div class=\"wp-block-toolset-blocks-container tb-container overlap-container-left\" data-toolset-blocks-container=\"46998d855ea380ff9590567eae447e06\">\n<div class=\"wp-block-toolset-blocks-container tb-container\" data-toolset-blocks-container=\"c66c6c65d6c3cd61e3c2a0b9b093d5eb\">\n<h5 class=\"tb-heading has-text-color\" data-toolset-blocks-heading=\"477e1b7e724c2f9076c1b42644a2101b\" data-last-update=\"1.4\">Nos movemos con urgencia intencional porque nuestros ni\u00f1os no pueden esperar para aprender<\/h5>\n\n\n\n<div class=\"tb-fields-and-text\" data-toolset-blocks-fields-and-text=\"0e5dd388a1bd417fc419f8bc5f038a0d\"><p>La urgencia intencional nos mantiene motivados, concentrados y eficientes, a la vez que minimiza la p\u00e9rdida de tiempo. Nos da la disciplina para crear un plan de acci\u00f3n, establecer plazos y cumplirlos, y priorizar tareas. En definitiva, la urgencia intencional es clave para disfrutar al m\u00e1ximo de la vida.<\/p><\/div>\n<\/div>\n<\/div>\n<\/div>\n\n\n\n<div class=\"wp-block-toolset-blocks-grid-column tb-grid-column tb-grid-align-top\" data-toolset-blocks-grid-column=\"3034fbe886c11054e95b46b09d3e4112\">\n<div class=\"wp-block-toolset-blocks-container tb-container\" data-toolset-blocks-container=\"87a0dc4cd524e471473172a8330d3c49\">\n<div style=\"height:350px\" aria-hidden=\"true\" class=\"wp-block-spacer\"><\/div>\n<\/div>\n<\/div>\n<\/div>\n<\/div>\n\n\n\n<div class=\"wp-block-toolset-blocks-container tb-container\" data-toolset-blocks-container=\"60898a910b390911dcee987ff34f1bca\">\n<div class=\"wp-block-toolset-blocks-grid tb-grid\" data-toolset-blocks-grid=\"3d9c399fe625e1b972f817a0680229f6\">\n<div class=\"wp-block-toolset-blocks-grid-column tb-grid-column tb-grid-align-top\" data-toolset-blocks-grid-column=\"3034fbe886c11054e95b46b09d3e4112\">\n<div class=\"wp-block-toolset-blocks-container tb-container\" data-toolset-blocks-container=\"4075267b614b03a1b14fd16eae1a420c\">\n<div style=\"height:350px\" aria-hidden=\"true\" class=\"wp-block-spacer\"><\/div>\n<\/div>\n<\/div>\n\n\n\n<div class=\"wp-block-toolset-blocks-grid-column tb-grid-column tb-grid-align-top\" data-toolset-blocks-grid-column=\"3034fbe886c11054e95b46b09d3e4112\">\n<div class=\"wp-block-toolset-blocks-container tb-container overlap-container-right\" data-toolset-blocks-container=\"e417a4114719a76f0987ace65abd16da\">\n<div class=\"wp-block-toolset-blocks-container tb-container\" data-toolset-blocks-container=\"4e5f00eb491f74c4b1e7b4e8ee53de7b\">\n<h5 class=\"tb-heading has-text-color\" data-toolset-blocks-heading=\"477e1b7e724c2f9076c1b42644a2101b\" data-last-update=\"1.4\">Leemos para la vida<\/h5>\n\n\n\n<div class=\"tb-fields-and-text\" data-toolset-blocks-fields-and-text=\"0e5dd388a1bd417fc419f8bc5f038a0d\"><p>La lectura es una habilidad fundamental, crucial para una vida plena y plena. Cultiva la creatividad, mejora la capacidad de resoluci\u00f3n de problemas, ampl\u00eda el vocabulario y fortalece la comunicaci\u00f3n. La lectura nos permite ser ciudadanos informados y disfrutar y apreciar la literatura, adem\u00e1s de ser una poderosa herramienta para impulsar el aprendizaje permanente.<\/p><\/div>\n<\/div>\n<\/div>\n<\/div>\n<\/div>\n<\/div>","protected":false},"excerpt":{"rendered":"","protected":false},"author":16,"featured_media":0,"parent":1714,"menu_order":2,"comment_status":"closed","ping_status":"closed","template":"","meta":{"footnotes":""},"class_list":["post-2175","page","type-page","status-publish"],"yoast_head":"<!-- This site is optimized with the Yoast SEO plugin v27.3 - https:\/\/yoast.com\/product\/yoast-seo-wordpress\/ -->\n<title>Our Core Values | Student-Centered Education at Ignite Community School<\/title>\n<meta name=\"description\" content=\"Explore the values that guide Ignite Community School\u2014responsibility, growth, and community\u2014creating a safe place for every student to thrive.\" \/>\n<meta name=\"robots\" content=\"index, follow, max-snippet:-1, max-image-preview:large, max-video-preview:-1\" \/>\n<link rel=\"canonical\" href=\"https:\/\/ignitecommunityschools.com\/es\/lo-que-creemos\/valores-fundamentales\/\" \/>\n<meta property=\"og:locale\" content=\"es_MX\" \/>\n<meta property=\"og:type\" content=\"article\" \/>\n<meta property=\"og:title\" content=\"Our Core Values | Student-Centered Education at Ignite Community School\" \/>\n<meta property=\"og:description\" content=\"Explore the values that guide Ignite Community School\u2014responsibility, growth, and community\u2014creating a safe place for every student to thrive.\" \/>\n<meta property=\"og:url\" content=\"https:\/\/ignitecommunityschools.com\/es\/lo-que-creemos\/valores-fundamentales\/\" \/>\n<meta property=\"og:site_name\" content=\"Ignite Community School\" \/>\n<meta property=\"article:modified_time\" content=\"2024-11-14T17:47:45+00:00\" \/>\n<meta property=\"og:image\" content=\"https:\/\/ignitecommunityschools.com\/wp-content\/uploads\/2023\/02\/101921-responsiveed-ftw-kathytran-5886-web.webp\" \/>\n\t<meta property=\"og:image:width\" content=\"2000\" \/>\n\t<meta property=\"og:image:height\" content=\"1334\" \/>\n\t<meta property=\"og:image:type\" content=\"image\/webp\" \/>\n<meta name=\"twitter:card\" content=\"summary_large_image\" \/>\n<script type=\"application\/ld+json\" class=\"yoast-schema-graph\">{\"@context\":\"https:\\\/\\\/schema.org\",\"@graph\":[{\"@type\":\"WebPage\",\"@id\":\"https:\\\/\\\/ignitecommunityschools.com\\\/what-we-believe\\\/core-values\\\/\",\"url\":\"https:\\\/\\\/ignitecommunityschools.com\\\/what-we-believe\\\/core-values\\\/\",\"name\":\"Our Core Values | Student-Centered Education at Ignite Community School\",\"isPartOf\":{\"@id\":\"https:\\\/\\\/ignitecommunityschools.com\\\/#website\"},\"datePublished\":\"2023-02-20T21:31:44+00:00\",\"dateModified\":\"2024-11-14T17:47:45+00:00\",\"description\":\"Explore the values that guide Ignite Community School\u2014responsibility, growth, and community\u2014creating a safe place for every student to thrive.\",\"breadcrumb\":{\"@id\":\"https:\\\/\\\/ignitecommunityschools.com\\\/what-we-believe\\\/core-values\\\/#breadcrumb\"},\"inLanguage\":\"es\",\"potentialAction\":[{\"@type\":\"ReadAction\",\"target\":[\"https:\\\/\\\/ignitecommunityschools.com\\\/what-we-believe\\\/core-values\\\/\"]}]},{\"@type\":\"BreadcrumbList\",\"@id\":\"https:\\\/\\\/ignitecommunityschools.com\\\/what-we-believe\\\/core-values\\\/#breadcrumb\",\"itemListElement\":[{\"@type\":\"ListItem\",\"position\":1,\"name\":\"Home\",\"item\":\"https:\\\/\\\/ignitecommunityschools.com\\\/\"},{\"@type\":\"ListItem\",\"position\":2,\"name\":\"What We Believe\",\"item\":\"https:\\\/\\\/ignitecommunityschools.com\\\/what-we-believe\\\/\"},{\"@type\":\"ListItem\",\"position\":3,\"name\":\"Core Values\"}]},{\"@type\":\"WebSite\",\"@id\":\"https:\\\/\\\/ignitecommunityschools.com\\\/#website\",\"url\":\"https:\\\/\\\/ignitecommunityschools.com\\\/\",\"name\":\"Ignite Community School\",\"description\":\"Ignite the Spark to Lead the Future\",\"publisher\":{\"@id\":\"https:\\\/\\\/ignitecommunityschools.com\\\/#organization\"},\"potentialAction\":[{\"@type\":\"SearchAction\",\"target\":{\"@type\":\"EntryPoint\",\"urlTemplate\":\"https:\\\/\\\/ignitecommunityschools.com\\\/?s={search_term_string}\"},\"query-input\":{\"@type\":\"PropertyValueSpecification\",\"valueRequired\":true,\"valueName\":\"search_term_string\"}}],\"inLanguage\":\"es\"},{\"@type\":\"Organization\",\"@id\":\"https:\\\/\\\/ignitecommunityschools.com\\\/#organization\",\"name\":\"Ignite Community School\",\"url\":\"https:\\\/\\\/ignitecommunityschools.com\\\/\",\"logo\":{\"@type\":\"ImageObject\",\"inLanguage\":\"es\",\"@id\":\"https:\\\/\\\/ignitecommunityschools.com\\\/#\\\/schema\\\/logo\\\/image\\\/\",\"url\":\"https:\\\/\\\/ignitecommunityschools.com\\\/wp-content\\\/uploads\\\/2021\\\/05\\\/2020-21-Logos_IgniteComunity-icon.png\",\"contentUrl\":\"https:\\\/\\\/ignitecommunityschools.com\\\/wp-content\\\/uploads\\\/2021\\\/05\\\/2020-21-Logos_IgniteComunity-icon.png\",\"width\":8001,\"height\":8001,\"caption\":\"Ignite Community School\"},\"image\":{\"@id\":\"https:\\\/\\\/ignitecommunityschools.com\\\/#\\\/schema\\\/logo\\\/image\\\/\"}}]}<\/script>\n<!-- \/ Yoast SEO plugin. -->","yoast_head_json":{"title":"Nuestros valores fundamentales | Educaci\u00f3n centrada en el estudiante en Ignite Community School","description":"Explora los valores que gu\u00edan a Ignite Community School \u2014responsabilidad, crecimiento y comunidad\u2014 creando un lugar seguro para que todos los estudiantes prosperen.","robots":{"index":"index","follow":"follow","max-snippet":"max-snippet:-1","max-image-preview":"max-image-preview:large","max-video-preview":"max-video-preview:-1"},"canonical":"https:\/\/ignitecommunityschools.com\/es\/lo-que-creemos\/valores-fundamentales\/","og_locale":"es_MX","og_type":"article","og_title":"Our Core Values | Student-Centered Education at Ignite Community School","og_description":"Explore the values that guide Ignite Community School\u2014responsibility, growth, and community\u2014creating a safe place for every student to thrive.","og_url":"https:\/\/ignitecommunityschools.com\/es\/lo-que-creemos\/valores-fundamentales\/","og_site_name":"Ignite Community School","article_modified_time":"2024-11-14T17:47:45+00:00","og_image":[{"width":2000,"height":1334,"url":"https:\/\/ignitecommunityschools.com\/wp-content\/uploads\/2023\/02\/101921-responsiveed-ftw-kathytran-5886-web.webp","type":"image\/webp"}],"twitter_card":"summary_large_image","schema":{"@context":"https:\/\/schema.org","@graph":[{"@type":"WebPage","@id":"https:\/\/ignitecommunityschools.com\/what-we-believe\/core-values\/","url":"https:\/\/ignitecommunityschools.com\/what-we-believe\/core-values\/","name":"Nuestros valores fundamentales | Educaci\u00f3n centrada en el estudiante en Ignite Community School","isPartOf":{"@id":"https:\/\/ignitecommunityschools.com\/#website"},"datePublished":"2023-02-20T21:31:44+00:00","dateModified":"2024-11-14T17:47:45+00:00","description":"Explora los valores que gu\u00edan a Ignite Community School \u2014responsabilidad, crecimiento y comunidad\u2014 creando un lugar seguro para que todos los estudiantes prosperen.","breadcrumb":{"@id":"https:\/\/ignitecommunityschools.com\/what-we-believe\/core-values\/#breadcrumb"},"inLanguage":"es","potentialAction":[{"@type":"ReadAction","target":["https:\/\/ignitecommunityschools.com\/what-we-believe\/core-values\/"]}]},{"@type":"BreadcrumbList","@id":"https:\/\/ignitecommunityschools.com\/what-we-believe\/core-values\/#breadcrumb","itemListElement":[{"@type":"ListItem","position":1,"name":"Home","item":"https:\/\/ignitecommunityschools.com\/"},{"@type":"ListItem","position":2,"name":"What We Believe","item":"https:\/\/ignitecommunityschools.com\/what-we-believe\/"},{"@type":"ListItem","position":3,"name":"Core Values"}]},{"@type":"WebSite","@id":"https:\/\/ignitecommunityschools.com\/#website","url":"https:\/\/ignitecommunityschools.com\/","name":"Escuela Comunitaria Ignite","description":"Enciende la chispa para liderar el futuro","publisher":{"@id":"https:\/\/ignitecommunityschools.com\/#organization"},"potentialAction":[{"@type":"SearchAction","target":{"@type":"EntryPoint","urlTemplate":"https:\/\/ignitecommunityschools.com\/?s={search_term_string}"},"query-input":{"@type":"PropertyValueSpecification","valueRequired":true,"valueName":"search_term_string"}}],"inLanguage":"es"},{"@type":"Organization","@id":"https:\/\/ignitecommunityschools.com\/#organization","name":"Escuela Comunitaria Ignite","url":"https:\/\/ignitecommunityschools.com\/","logo":{"@type":"ImageObject","inLanguage":"es","@id":"https:\/\/ignitecommunityschools.com\/#\/schema\/logo\/image\/","url":"https:\/\/ignitecommunityschools.com\/wp-content\/uploads\/2021\/05\/2020-21-Logos_IgniteComunity-icon.png","contentUrl":"https:\/\/ignitecommunityschools.com\/wp-content\/uploads\/2021\/05\/2020-21-Logos_IgniteComunity-icon.png","width":8001,"height":8001,"caption":"Ignite Community School"},"image":{"@id":"https:\/\/ignitecommunityschools.com\/#\/schema\/logo\/image\/"}}]}},"_links":{"self":[{"href":"https:\/\/ignitecommunityschools.com\/es\/wp-json\/wp\/v2\/pages\/2175","targetHints":{"allow":["GET"]}}],"collection":[{"href":"https:\/\/ignitecommunityschools.com\/es\/wp-json\/wp\/v2\/pages"}],"about":[{"href":"https:\/\/ignitecommunityschools.com\/es\/wp-json\/wp\/v2\/types\/page"}],"author":[{"embeddable":true,"href":"https:\/\/ignitecommunityschools.com\/es\/wp-json\/wp\/v2\/users\/16"}],"replies":[{"embeddable":true,"href":"https:\/\/ignitecommunityschools.com\/es\/wp-json\/wp\/v2\/comments?post=2175"}],"version-history":[{"count":0,"href":"https:\/\/ignitecommunityschools.com\/es\/wp-json\/wp\/v2\/pages\/2175\/revisions"}],"up":[{"embeddable":true,"href":"https:\/\/ignitecommunityschools.com\/es\/wp-json\/wp\/v2\/pages\/1714"}],"wp:attachment":[{"href":"https:\/\/ignitecommunityschools.com\/es\/wp-json\/wp\/v2\/media?parent=2175"}],"curies":[{"name":"wp","href":"https:\/\/api.w.org\/{rel}","templated":true}]}}