{"id":1902,"date":"2021-05-20T15:02:59","date_gmt":"2021-05-20T15:02:59","guid":{"rendered":"https:\/\/ignitecomsch.wpengine.com\/?page_id=1902"},"modified":"2023-03-14T20:43:43","modified_gmt":"2023-03-14T20:43:43","slug":"extracurricular","status":"publish","type":"page","link":"https:\/\/ignitecommunityschools.com\/es\/our-program\/extracurricular\/","title":{"rendered":"Extraescolar"},"content":{"rendered":"<div class=\"wp-block-toolset-blocks-container tb-container dark-overlay\" data-toolset-blocks-container=\"b6d015554fbd97f83c4e6c9efb9d8284\">\n<h1 class=\"tb-heading has-text-color\" data-toolset-blocks-heading=\"81efb715e3e64d41f00091e9c68f14f9\" data-last-update=\"1.4\"><strong>EXTRAESCOLAR<\/strong><\/h1>\n<\/div>\n\n\n\n<div class=\"wp-block-toolset-blocks-container tb-container aligncenter\" data-toolset-blocks-container=\"96298189f7271edd92ea40c2a3977674\">\n<div style=\"height:20vw\" aria-hidden=\"true\" class=\"wp-block-spacer\"><\/div>\n<\/div>\n\n\n\n<div class=\"wp-block-toolset-blocks-container tb-container\" data-toolset-blocks-container=\"7b6e175bc70cf464066e01d56bf80951\">\n<div class=\"tb-fields-and-text\" data-toolset-blocks-fields-and-text=\"9543c5d75292f68ad5f3784e40bb3d0c\"><p style=\"text-align: center;\">Las actividades extracurriculares brindan experiencias de aprendizaje invaluables para los j\u00f3venes estudiantes, beneficiosas para su educaci\u00f3n y crecimiento. Los clubes de arte pueden ayudar a los ni\u00f1os a explorar sus habilidades creativas, a la vez que mejoran su autoexpresi\u00f3n y su capacidad para resolver problemas. Los clubes de ajedrez pueden fomentar el inter\u00e9s por el razonamiento l\u00f3gico, el pensamiento cr\u00edtico y el establecimiento de metas. El deporte no solo fomenta el trabajo en equipo, sino que tambi\u00e9n anima a los ni\u00f1os a mantenerse activos, lo que les permite desarrollar h\u00e1bitos saludables en el futuro. Estas actividades brindan a los estudiantes la oportunidad de conectar y trabajar con otros, y desarrollar habilidades sociales que les ayudan a interactuar de manera m\u00e1s exitosa. En definitiva, las actividades extracurriculares brindan a los ni\u00f1os la oportunidad de ampliar sus experiencias y crecer m\u00e1s all\u00e1 de los l\u00edmites del aprendizaje tradicional en el aula.<\/p><\/div>\n<\/div>\n\n\n\n<div class=\"wp-block-toolset-blocks-container tb-container\" data-toolset-blocks-container=\"60898a910b390911dcee987ff34f1bca\">\n<div class=\"wp-block-toolset-blocks-grid tb-grid\" data-toolset-blocks-grid=\"3d9c399fe625e1b972f817a0680229f6\">\n<div class=\"wp-block-toolset-blocks-grid-column tb-grid-column tb-grid-align-top\" data-toolset-blocks-grid-column=\"3034fbe886c11054e95b46b09d3e4112\">\n<div class=\"wp-block-toolset-blocks-container tb-container\" data-toolset-blocks-container=\"3777fc9c205c23a3646bc644086c31e5\">\n<div style=\"height:350px\" aria-hidden=\"true\" class=\"wp-block-spacer\"><\/div>\n<\/div>\n<\/div>\n\n\n\n<div class=\"wp-block-toolset-blocks-grid-column tb-grid-column tb-grid-align-top\" data-toolset-blocks-grid-column=\"3034fbe886c11054e95b46b09d3e4112\">\n<div class=\"wp-block-toolset-blocks-container tb-container overlap-container-right\" data-toolset-blocks-container=\"e417a4114719a76f0987ace65abd16da\">\n<div class=\"wp-block-toolset-blocks-container tb-container landing-list\" data-toolset-blocks-container=\"860ccdafe8c217a4c4b21d33be33bdbb\">\n<h4 class=\"tb-heading has-text-color\" data-toolset-blocks-heading=\"22b3affd7de110f4f1f1b20b0cde298e\" data-last-update=\"1.4\">Oportunidades extracurriculares<\/h4>\n\n\n\n<div class=\"tb-fields-and-text\" data-toolset-blocks-fields-and-text=\"0e5dd388a1bd417fc419f8bc5f038a0d\"><ul>\n  <li>Club de Arte<\/li>\n  <li>Club de ajedrez<\/li>\n  <li>Futuros profesores<\/li>\n  <li>Deportes<\/li>\n<\/ul><\/div>\n<\/div>\n<\/div>\n<\/div>\n<\/div>\n<\/div>\n\n\n\n<div class=\"wp-block-toolset-blocks-container tb-container\" data-toolset-blocks-container=\"1f5988e19b4fa6b45314959ae584ee18\">\n<div class=\"wp-block-toolset-blocks-grid tb-grid\" data-toolset-blocks-grid=\"e7c9fbd982749fbc442ab40d30533966\">\n<div class=\"wp-block-toolset-blocks-grid-column tb-grid-column tb-grid-align-top\" data-toolset-blocks-grid-column=\"3034fbe886c11054e95b46b09d3e4112\">\n<div class=\"wp-block-toolset-blocks-container tb-container overlap-container-left\" data-toolset-blocks-container=\"46998d855ea380ff9590567eae447e06\">\n<div class=\"wp-block-toolset-blocks-container tb-container landing-list\" data-toolset-blocks-container=\"d20f980e1a505013f3c644e8482a7050\">\n<h4 class=\"tb-heading has-text-color\" data-toolset-blocks-heading=\"22b3affd7de110f4f1f1b20b0cde298e\" data-last-update=\"1.4\"><strong>Deportes de 6\u20138 grado<\/strong><\/h4>\n\n\n\n<div class=\"tb-fields-and-text\" data-toolset-blocks-fields-and-text=\"0e5dd388a1bd417fc419f8bc5f038a0d\"><ul>\n  <li>F\u00fatbol de bandera<\/li>\n  <li>Baloncesto<\/li>\n  <li>F\u00fatbol<\/li>\n  <li>Atletismo<\/li>\n<\/ul><\/div>\n<\/div>\n<\/div>\n<\/div>\n\n\n\n<div class=\"wp-block-toolset-blocks-grid-column tb-grid-column tb-grid-align-top\" data-toolset-blocks-grid-column=\"3034fbe886c11054e95b46b09d3e4112\">\n<div class=\"wp-block-toolset-blocks-container tb-container\" data-toolset-blocks-container=\"07342ea507e8d592b288de17f088614e\">\n<div style=\"height:350px\" aria-hidden=\"true\" class=\"wp-block-spacer\"><\/div>\n<\/div>\n<\/div>\n<\/div>\n<\/div>","protected":false},"excerpt":{"rendered":"","protected":false},"author":2,"featured_media":0,"parent":2207,"menu_order":2,"comment_status":"closed","ping_status":"closed","template":"","meta":{"footnotes":""},"class_list":["post-1902","page","type-page","status-publish"],"yoast_head":"<!-- This site is optimized with the Yoast SEO plugin v27.3 - https:\/\/yoast.com\/product\/yoast-seo-wordpress\/ -->\n<title>Extracurricular Activities &amp; Clubs | Ignite Community School<\/title>\n<meta name=\"description\" content=\"Students explore clubs, athletics, and enrichment activities that build confidence, friendships, and leadership beyond the classroom.\" \/>\n<meta name=\"robots\" content=\"index, follow, max-snippet:-1, max-image-preview:large, max-video-preview:-1\" \/>\n<link rel=\"canonical\" href=\"https:\/\/ignitecommunityschools.com\/es\/nuestro-programa\/extracurricular\/\" \/>\n<meta property=\"og:locale\" content=\"es_MX\" \/>\n<meta property=\"og:type\" content=\"article\" \/>\n<meta property=\"og:title\" content=\"Extracurricular Activities &amp; Clubs | Ignite Community School\" \/>\n<meta property=\"og:description\" content=\"Students explore clubs, athletics, and enrichment activities that build confidence, friendships, and leadership beyond the classroom.\" \/>\n<meta property=\"og:url\" content=\"https:\/\/ignitecommunityschools.com\/es\/nuestro-programa\/extracurricular\/\" \/>\n<meta property=\"og:site_name\" content=\"Ignite Community School\" \/>\n<meta property=\"article:modified_time\" content=\"2023-03-14T20:43:43+00:00\" \/>\n<meta property=\"og:image\" content=\"https:\/\/ignitecommunityschools.com\/wp-content\/uploads\/2023\/02\/101921-responsiveed-ftw-kathytran-5886-web.webp\" \/>\n\t<meta property=\"og:image:width\" content=\"2000\" \/>\n\t<meta property=\"og:image:height\" content=\"1334\" \/>\n\t<meta property=\"og:image:type\" content=\"image\/webp\" \/>\n<meta name=\"twitter:card\" content=\"summary_large_image\" \/>\n<script type=\"application\/ld+json\" class=\"yoast-schema-graph\">{\"@context\":\"https:\\\/\\\/schema.org\",\"@graph\":[{\"@type\":\"WebPage\",\"@id\":\"https:\\\/\\\/ignitecommunityschools.com\\\/our-program\\\/extracurricular\\\/\",\"url\":\"https:\\\/\\\/ignitecommunityschools.com\\\/our-program\\\/extracurricular\\\/\",\"name\":\"Extracurricular Activities & Clubs | Ignite Community School\",\"isPartOf\":{\"@id\":\"https:\\\/\\\/ignitecommunityschools.com\\\/#website\"},\"datePublished\":\"2021-05-20T15:02:59+00:00\",\"dateModified\":\"2023-03-14T20:43:43+00:00\",\"description\":\"Students explore clubs, athletics, and enrichment activities that build confidence, friendships, and leadership beyond the classroom.\",\"breadcrumb\":{\"@id\":\"https:\\\/\\\/ignitecommunityschools.com\\\/our-program\\\/extracurricular\\\/#breadcrumb\"},\"inLanguage\":\"es\",\"potentialAction\":[{\"@type\":\"ReadAction\",\"target\":[\"https:\\\/\\\/ignitecommunityschools.com\\\/our-program\\\/extracurricular\\\/\"]}]},{\"@type\":\"BreadcrumbList\",\"@id\":\"https:\\\/\\\/ignitecommunityschools.com\\\/our-program\\\/extracurricular\\\/#breadcrumb\",\"itemListElement\":[{\"@type\":\"ListItem\",\"position\":1,\"name\":\"Home\",\"item\":\"https:\\\/\\\/ignitecommunityschools.com\\\/\"},{\"@type\":\"ListItem\",\"position\":2,\"name\":\"Our Program\",\"item\":\"https:\\\/\\\/ignitecommunityschools.com\\\/our-program\\\/\"},{\"@type\":\"ListItem\",\"position\":3,\"name\":\"Extracurricular\"}]},{\"@type\":\"WebSite\",\"@id\":\"https:\\\/\\\/ignitecommunityschools.com\\\/#website\",\"url\":\"https:\\\/\\\/ignitecommunityschools.com\\\/\",\"name\":\"Ignite Community School\",\"description\":\"Ignite the Spark to Lead the Future\",\"publisher\":{\"@id\":\"https:\\\/\\\/ignitecommunityschools.com\\\/#organization\"},\"potentialAction\":[{\"@type\":\"SearchAction\",\"target\":{\"@type\":\"EntryPoint\",\"urlTemplate\":\"https:\\\/\\\/ignitecommunityschools.com\\\/?s={search_term_string}\"},\"query-input\":{\"@type\":\"PropertyValueSpecification\",\"valueRequired\":true,\"valueName\":\"search_term_string\"}}],\"inLanguage\":\"es\"},{\"@type\":\"Organization\",\"@id\":\"https:\\\/\\\/ignitecommunityschools.com\\\/#organization\",\"name\":\"Ignite Community School\",\"url\":\"https:\\\/\\\/ignitecommunityschools.com\\\/\",\"logo\":{\"@type\":\"ImageObject\",\"inLanguage\":\"es\",\"@id\":\"https:\\\/\\\/ignitecommunityschools.com\\\/#\\\/schema\\\/logo\\\/image\\\/\",\"url\":\"https:\\\/\\\/ignitecommunityschools.com\\\/wp-content\\\/uploads\\\/2021\\\/05\\\/2020-21-Logos_IgniteComunity-icon.png\",\"contentUrl\":\"https:\\\/\\\/ignitecommunityschools.com\\\/wp-content\\\/uploads\\\/2021\\\/05\\\/2020-21-Logos_IgniteComunity-icon.png\",\"width\":8001,\"height\":8001,\"caption\":\"Ignite Community School\"},\"image\":{\"@id\":\"https:\\\/\\\/ignitecommunityschools.com\\\/#\\\/schema\\\/logo\\\/image\\\/\"}}]}<\/script>\n<!-- \/ Yoast SEO plugin. -->","yoast_head_json":{"title":"Actividades extracurriculares y clubes | Escuela Comunitaria Ignite","description":"Los estudiantes exploran clubes, deportes y actividades de enriquecimiento que fomentan la confianza, las amistades y el liderazgo m\u00e1s all\u00e1 del aula.","robots":{"index":"index","follow":"follow","max-snippet":"max-snippet:-1","max-image-preview":"max-image-preview:large","max-video-preview":"max-video-preview:-1"},"canonical":"https:\/\/ignitecommunityschools.com\/es\/nuestro-programa\/extracurricular\/","og_locale":"es_MX","og_type":"article","og_title":"Extracurricular Activities & Clubs | Ignite Community School","og_description":"Students explore clubs, athletics, and enrichment activities that build confidence, friendships, and leadership beyond the classroom.","og_url":"https:\/\/ignitecommunityschools.com\/es\/nuestro-programa\/extracurricular\/","og_site_name":"Ignite Community School","article_modified_time":"2023-03-14T20:43:43+00:00","og_image":[{"width":2000,"height":1334,"url":"https:\/\/ignitecommunityschools.com\/wp-content\/uploads\/2023\/02\/101921-responsiveed-ftw-kathytran-5886-web.webp","type":"image\/webp"}],"twitter_card":"summary_large_image","schema":{"@context":"https:\/\/schema.org","@graph":[{"@type":"WebPage","@id":"https:\/\/ignitecommunityschools.com\/our-program\/extracurricular\/","url":"https:\/\/ignitecommunityschools.com\/our-program\/extracurricular\/","name":"Actividades extracurriculares y clubes | Escuela Comunitaria Ignite","isPartOf":{"@id":"https:\/\/ignitecommunityschools.com\/#website"},"datePublished":"2021-05-20T15:02:59+00:00","dateModified":"2023-03-14T20:43:43+00:00","description":"Los estudiantes exploran clubes, deportes y actividades de enriquecimiento que fomentan la confianza, las amistades y el liderazgo m\u00e1s all\u00e1 del aula.","breadcrumb":{"@id":"https:\/\/ignitecommunityschools.com\/our-program\/extracurricular\/#breadcrumb"},"inLanguage":"es","potentialAction":[{"@type":"ReadAction","target":["https:\/\/ignitecommunityschools.com\/our-program\/extracurricular\/"]}]},{"@type":"BreadcrumbList","@id":"https:\/\/ignitecommunityschools.com\/our-program\/extracurricular\/#breadcrumb","itemListElement":[{"@type":"ListItem","position":1,"name":"Home","item":"https:\/\/ignitecommunityschools.com\/"},{"@type":"ListItem","position":2,"name":"Our Program","item":"https:\/\/ignitecommunityschools.com\/our-program\/"},{"@type":"ListItem","position":3,"name":"Extracurricular"}]},{"@type":"WebSite","@id":"https:\/\/ignitecommunityschools.com\/#website","url":"https:\/\/ignitecommunityschools.com\/","name":"Escuela Comunitaria Ignite","description":"Enciende la chispa para liderar el futuro","publisher":{"@id":"https:\/\/ignitecommunityschools.com\/#organization"},"potentialAction":[{"@type":"SearchAction","target":{"@type":"EntryPoint","urlTemplate":"https:\/\/ignitecommunityschools.com\/?s={search_term_string}"},"query-input":{"@type":"PropertyValueSpecification","valueRequired":true,"valueName":"search_term_string"}}],"inLanguage":"es"},{"@type":"Organization","@id":"https:\/\/ignitecommunityschools.com\/#organization","name":"Escuela Comunitaria Ignite","url":"https:\/\/ignitecommunityschools.com\/","logo":{"@type":"ImageObject","inLanguage":"es","@id":"https:\/\/ignitecommunityschools.com\/#\/schema\/logo\/image\/","url":"https:\/\/ignitecommunityschools.com\/wp-content\/uploads\/2021\/05\/2020-21-Logos_IgniteComunity-icon.png","contentUrl":"https:\/\/ignitecommunityschools.com\/wp-content\/uploads\/2021\/05\/2020-21-Logos_IgniteComunity-icon.png","width":8001,"height":8001,"caption":"Ignite Community School"},"image":{"@id":"https:\/\/ignitecommunityschools.com\/#\/schema\/logo\/image\/"}}]}},"_links":{"self":[{"href":"https:\/\/ignitecommunityschools.com\/es\/wp-json\/wp\/v2\/pages\/1902","targetHints":{"allow":["GET"]}}],"collection":[{"href":"https:\/\/ignitecommunityschools.com\/es\/wp-json\/wp\/v2\/pages"}],"about":[{"href":"https:\/\/ignitecommunityschools.com\/es\/wp-json\/wp\/v2\/types\/page"}],"author":[{"embeddable":true,"href":"https:\/\/ignitecommunityschools.com\/es\/wp-json\/wp\/v2\/users\/2"}],"replies":[{"embeddable":true,"href":"https:\/\/ignitecommunityschools.com\/es\/wp-json\/wp\/v2\/comments?post=1902"}],"version-history":[{"count":0,"href":"https:\/\/ignitecommunityschools.com\/es\/wp-json\/wp\/v2\/pages\/1902\/revisions"}],"up":[{"embeddable":true,"href":"https:\/\/ignitecommunityschools.com\/es\/wp-json\/wp\/v2\/pages\/2207"}],"wp:attachment":[{"href":"https:\/\/ignitecommunityschools.com\/es\/wp-json\/wp\/v2\/media?parent=1902"}],"curies":[{"name":"wp","href":"https:\/\/api.w.org\/{rel}","templated":true}]}}