{"id":1901,"date":"2021-05-20T15:02:41","date_gmt":"2021-05-20T15:02:41","guid":{"rendered":"https:\/\/ignitecomsch.wpengine.com\/?page_id=1901"},"modified":"2023-08-16T15:43:43","modified_gmt":"2023-08-16T15:43:43","slug":"entorno-de-aprendizaje","status":"publish","type":"page","link":"https:\/\/ignitecommunityschools.com\/es\/our-program\/learning-environment\/","title":{"rendered":"Entorno de aprendizaje"},"content":{"rendered":"<div class=\"wp-block-toolset-blocks-container tb-container dark-overlay\" data-toolset-blocks-container=\"44e24f7b914400efe581ccdd3ba5c073\">\n<h1 class=\"tb-heading has-text-color\" data-toolset-blocks-heading=\"926c1970f583c63c0cad7db66a716a46\" data-last-update=\"1.4\"><strong>AMBIENTE DE APRENDIZAJE<\/strong><\/h1>\n<\/div>\n\n\n\n<div class=\"wp-block-toolset-blocks-container tb-container\" data-toolset-blocks-container=\"caffc10f5704836db18b5c606d0c3192\">\n<div class=\"wp-block-toolset-blocks-container tb-container\" data-toolset-blocks-container=\"b9bdb745cbf474cda70bb1d7dcf00f17\">\n<div class=\"tb-fields-and-text\" data-toolset-blocks-fields-and-text=\"67c76caab4f3aa99fbe1b6186e0e74c0\"><p>&nbsp;<\/p>\n<p style=\"text-align: center;\">A trav\u00e9s del enfoque integral del aprendizaje, los estudiantes se sumergen en entornos de aprendizaje continuos y flexibles dise\u00f1ados para fomentar el sentido de comunidad y fomentar las habilidades interpersonales, la resoluci\u00f3n de problemas, el establecimiento de metas, la creatividad, la autonom\u00eda y la responsabilidad personal. El Modelo de Escuela Comunitaria Ignite permite a los estudiantes desarrollar un sentido de pertenencia, la comprensi\u00f3n de s\u00ed mismos y la conciencia de su lugar en el mundo que los rodea (y su impacto en \u00e9l). El aprendizaje es innegociable: podemos, lo haremos y debemos tener \u00e9xito. Para garantizar un enfoque de aprendizaje centrado en el estudiante, nos basamos en los siguientes principios:&nbsp;<\/p><\/div>\n<\/div>\n<\/div>\n\n\n\n<div class=\"wp-block-toolset-blocks-container tb-container\" data-toolset-blocks-container=\"6c45cf7bd81756be95e82ad9adec2e52\">\n<figure class=\"wp-block-embed is-type-video is-provider-vimeo wp-block-embed-vimeo wp-embed-aspect-16-9 wp-has-aspect-ratio\"><div class=\"wp-block-embed__wrapper\">\n<iframe loading=\"lazy\" title=\"ICS_APRENDIZAJE \u00daNICO\" src=\"https:\/\/player.vimeo.com\/video\/806095728?dnt=1&amp;app_id=122963\" width=\"1200\" height=\"675\" frameborder=\"0\" allow=\"autoplay; fullscreen; picture-in-picture\"><\/iframe>\n<\/div><\/figure>\n<\/div>\n\n\n\n<div class=\"wp-block-toolset-blocks-container tb-container\" data-toolset-blocks-container=\"60898a910b390911dcee987ff34f1bca\">\n<div class=\"wp-block-toolset-blocks-grid tb-grid\" data-toolset-blocks-grid=\"3d9c399fe625e1b972f817a0680229f6\">\n<div class=\"wp-block-toolset-blocks-grid-column tb-grid-column tb-grid-align-top\" data-toolset-blocks-grid-column=\"3034fbe886c11054e95b46b09d3e4112\">\n<div class=\"wp-block-toolset-blocks-container tb-container\" data-toolset-blocks-container=\"9e247f4db25f0c4ee7ed3183617047e3\">\n<div style=\"height:350px\" aria-hidden=\"true\" class=\"wp-block-spacer\"><\/div>\n<\/div>\n<\/div>\n\n\n\n<div class=\"wp-block-toolset-blocks-grid-column tb-grid-column tb-grid-align-top\" data-toolset-blocks-grid-column=\"3034fbe886c11054e95b46b09d3e4112\">\n<div class=\"wp-block-toolset-blocks-container tb-container overlap-container-right\" data-toolset-blocks-container=\"e417a4114719a76f0987ace65abd16da\">\n<div class=\"wp-block-toolset-blocks-container tb-container\" data-toolset-blocks-container=\"4e5f00eb491f74c4b1e7b4e8ee53de7b\">\n<h4 class=\"tb-heading has-text-color\" data-toolset-blocks-heading=\"22b3affd7de110f4f1f1b20b0cde298e\" data-last-update=\"1.4\">Cree un espacio seguro: la seguridad es la m\u00e1xima prioridad<\/h4>\n\n\n\n<div class=\"tb-fields-and-text\" data-toolset-blocks-fields-and-text=\"0e5dd388a1bd417fc419f8bc5f038a0d\"><p>Ofrecemos espacios de aprendizaje seguros, tanto a nivel operativo como emocional, para nuestros estudiantes. El profesorado organiza reuniones diarias con los estudiantes para identificar y abordar las barreras de aprendizaje. Realizamos simulacros e inspecciones de seguridad con regularidad para garantizar que los protocolos de seguridad se cumplan, est\u00e9n actualizados y sean f\u00e1cilmente visibles.<\/p><\/div>\n<\/div>\n<\/div>\n<\/div>\n<\/div>\n<\/div>\n\n\n\n<div class=\"wp-block-toolset-blocks-container tb-container\" data-toolset-blocks-container=\"8dee9684d4e202d421fd62d1cb6701b3\">\n<div class=\"wp-block-toolset-blocks-grid tb-grid\" data-toolset-blocks-grid=\"e7c9fbd982749fbc442ab40d30533966\">\n<div class=\"wp-block-toolset-blocks-grid-column tb-grid-column tb-grid-align-top\" data-toolset-blocks-grid-column=\"3034fbe886c11054e95b46b09d3e4112\">\n<div class=\"wp-block-toolset-blocks-container tb-container overlap-container-left\" data-toolset-blocks-container=\"46998d855ea380ff9590567eae447e06\">\n<div class=\"wp-block-toolset-blocks-container tb-container\" data-toolset-blocks-container=\"c66c6c65d6c3cd61e3c2a0b9b093d5eb\">\n<h4 class=\"tb-heading has-text-color\" data-toolset-blocks-heading=\"22b3affd7de110f4f1f1b20b0cde298e\" data-last-update=\"1.4\">Celebrar la diversidad: instrucci\u00f3n culturalmente receptiva<\/h4>\n\n\n\n<div class=\"tb-fields-and-text\" data-toolset-blocks-fields-and-text=\"0e5dd388a1bd417fc419f8bc5f038a0d\"><p>Respetamos y celebramos los or\u00edgenes de cada estudiante e invitamos a estudiantes y familias a enriquecer nuestras clases con sus culturas y tradiciones. Nuestras im\u00e1genes y literatura reflejan una variedad de culturas y modelos familiares.<\/p><\/div>\n<\/div>\n<\/div>\n<\/div>\n\n\n\n<div class=\"wp-block-toolset-blocks-grid-column tb-grid-column tb-grid-align-top\" data-toolset-blocks-grid-column=\"3034fbe886c11054e95b46b09d3e4112\">\n<div class=\"wp-block-toolset-blocks-container tb-container\" data-toolset-blocks-container=\"c23a3353869b1d10c0253fcc76411222\">\n<div style=\"height:350px\" aria-hidden=\"true\" class=\"wp-block-spacer\"><\/div>\n<\/div>\n<\/div>\n<\/div>\n<\/div>\n\n\n\n<div class=\"wp-block-toolset-blocks-container tb-container\" data-toolset-blocks-container=\"60898a910b390911dcee987ff34f1bca\">\n<div class=\"wp-block-toolset-blocks-grid tb-grid\" data-toolset-blocks-grid=\"3d9c399fe625e1b972f817a0680229f6\">\n<div class=\"wp-block-toolset-blocks-grid-column tb-grid-column tb-grid-align-top\" data-toolset-blocks-grid-column=\"3034fbe886c11054e95b46b09d3e4112\">\n<div class=\"wp-block-toolset-blocks-container tb-container\" data-toolset-blocks-container=\"dea463d433ae3984a614247649f6fbd2\">\n<div style=\"height:350px\" aria-hidden=\"true\" class=\"wp-block-spacer\"><\/div>\n<\/div>\n<\/div>\n\n\n\n<div class=\"wp-block-toolset-blocks-grid-column tb-grid-column tb-grid-align-top\" data-toolset-blocks-grid-column=\"3034fbe886c11054e95b46b09d3e4112\">\n<div class=\"wp-block-toolset-blocks-container tb-container overlap-container-right\" data-toolset-blocks-container=\"e417a4114719a76f0987ace65abd16da\">\n<div class=\"wp-block-toolset-blocks-container tb-container\" data-toolset-blocks-container=\"4e5f00eb491f74c4b1e7b4e8ee53de7b\">\n<h4 class=\"tb-heading has-text-color\" data-toolset-blocks-heading=\"22b3affd7de110f4f1f1b20b0cde298e\" data-last-update=\"1.4\">Sea proactivo: urgencia intencional<\/h4>\n\n\n\n<div class=\"tb-fields-and-text\" data-toolset-blocks-fields-and-text=\"0e5dd388a1bd417fc419f8bc5f038a0d\"><p>Nos esforzamos por crear un ambiente de clase productivo, respetuoso, solidario y alentador. Nuestros profesores comunican las expectativas del aula y modelan interacciones y comportamientos respetuosos.<\/p><\/div>\n<\/div>\n<\/div>\n<\/div>\n<\/div>\n<\/div>\n\n\n\n<div class=\"wp-block-toolset-blocks-container tb-container\" data-toolset-blocks-container=\"8dee9684d4e202d421fd62d1cb6701b3\">\n<div class=\"wp-block-toolset-blocks-grid tb-grid\" data-toolset-blocks-grid=\"e7c9fbd982749fbc442ab40d30533966\">\n<div class=\"wp-block-toolset-blocks-grid-column tb-grid-column tb-grid-align-top\" data-toolset-blocks-grid-column=\"3034fbe886c11054e95b46b09d3e4112\">\n<div class=\"wp-block-toolset-blocks-container tb-container overlap-container-left\" data-toolset-blocks-container=\"46998d855ea380ff9590567eae447e06\">\n<div class=\"wp-block-toolset-blocks-container tb-container\" data-toolset-blocks-container=\"c66c6c65d6c3cd61e3c2a0b9b093d5eb\">\n<h4 class=\"tb-heading has-text-color\" data-toolset-blocks-heading=\"22b3affd7de110f4f1f1b20b0cde298e\" data-last-update=\"1.4\">Apoye el aprendizaje diferenciado: conozca a los estudiantes donde est\u00e9n<\/h4>\n\n\n\n<div class=\"tb-fields-and-text\" data-toolset-blocks-fields-and-text=\"0e5dd388a1bd417fc419f8bc5f038a0d\"><p>Nuestros entornos de aprendizaje y curr\u00edculo se adaptan a las necesidades de aprendizaje de nuestros estudiantes. Nuestras aulas se transforman r\u00e1pidamente para facilitar la interacci\u00f3n entre compa\u00f1eros o brindar a los estudiantes independientes el espacio que necesitan para concentrarse. Los estudiantes aprenden a adaptarse al cambio y se les anima a perseverar en cualquier entorno.<\/p><\/div>\n<\/div>\n<\/div>\n<\/div>\n\n\n\n<div class=\"wp-block-toolset-blocks-grid-column tb-grid-column tb-grid-align-top\" data-toolset-blocks-grid-column=\"3034fbe886c11054e95b46b09d3e4112\">\n<div class=\"wp-block-toolset-blocks-container tb-container\" data-toolset-blocks-container=\"8edeac00643e8a824dc5fc5c3133a987\">\n<div style=\"height:350px\" aria-hidden=\"true\" class=\"wp-block-spacer\"><\/div>\n<\/div>\n<\/div>\n<\/div>\n<\/div>\n\n\n\n<div class=\"wp-block-toolset-blocks-container tb-container\" data-toolset-blocks-container=\"60898a910b390911dcee987ff34f1bca\">\n<div class=\"wp-block-toolset-blocks-grid tb-grid\" data-toolset-blocks-grid=\"3d9c399fe625e1b972f817a0680229f6\">\n<div class=\"wp-block-toolset-blocks-grid-column tb-grid-column tb-grid-align-top\" data-toolset-blocks-grid-column=\"3034fbe886c11054e95b46b09d3e4112\">\n<div class=\"wp-block-toolset-blocks-container tb-container\" data-toolset-blocks-container=\"fb7303639bc1715637ff7326f7b4e7fc\">\n<div style=\"height:350px\" aria-hidden=\"true\" class=\"wp-block-spacer\"><\/div>\n<\/div>\n<\/div>\n\n\n\n<div class=\"wp-block-toolset-blocks-grid-column tb-grid-column tb-grid-align-top\" data-toolset-blocks-grid-column=\"3034fbe886c11054e95b46b09d3e4112\">\n<div class=\"wp-block-toolset-blocks-container tb-container overlap-container-right\" data-toolset-blocks-container=\"e417a4114719a76f0987ace65abd16da\">\n<div class=\"wp-block-toolset-blocks-container tb-container\" data-toolset-blocks-container=\"4e5f00eb491f74c4b1e7b4e8ee53de7b\">\n<h4 class=\"tb-heading has-text-color\" data-toolset-blocks-heading=\"22b3affd7de110f4f1f1b20b0cde298e\" data-last-update=\"1.4\">Proporcionar orientaci\u00f3n: ayudar, no hacer da\u00f1o<\/h4>\n\n\n\n<div class=\"tb-fields-and-text\" data-toolset-blocks-fields-and-text=\"0e5dd388a1bd417fc419f8bc5f038a0d\"><p>Guiamos y animamos a los estudiantes hacia una soluci\u00f3n autodirigida, haci\u00e9ndoles preguntas y gui\u00e1ndolos en su camino de aprendizaje. Nuestros l\u00edderes y profesores se ponen a su disposici\u00f3n y nunca les decimos que ser diferente est\u00e1 mal. Vemos los errores como oportunidades de aprendizaje y animamos a los estudiantes a revisar sus ideas para identificar \u00e1reas de mejora en el futuro.<\/p><\/div>\n<\/div>\n<\/div>\n<\/div>\n<\/div>\n<\/div>\n\n\n\n<div class=\"wp-block-toolset-blocks-container tb-container\" data-toolset-blocks-container=\"78488893ee575224b68ae3cd12bde99a\">\n<h4 class=\"tb-heading has-text-color\" data-toolset-blocks-heading=\"453f95f1a69c1c52a7cb6cd93b460bf0\" data-last-update=\"1.4\">ENFOQUE EN LA ALFABETIZACI\u00d3N<\/h4>\n\n\n\n<div class=\"tb-fields-and-text\" data-toolset-blocks-fields-and-text=\"9a612cb63ad523f23e7be42bdcae678c\"><p style=\"text-align: center;\">La alfabetizaci\u00f3n es el primer paso hacia la libertad, hacia la liberaci\u00f3n de las limitaciones sociales y econ\u00f3micas. Es la condici\u00f3n previa para el desarrollo, tanto individual como colectivo. Reduce la pobreza y la desigualdad, crea riqueza y ayuda a erradicar los problemas de nutrici\u00f3n y salud p\u00fablica.<\/p><\/div>\n\n\n\n<div class=\"tb-fields-and-text\" data-toolset-blocks-fields-and-text=\"84290545f907cd9487bd0aad49ba14c2\"><p style=\"text-align: center;\">\u2013 Audrey Azoulay \u2013<\/p><\/div>\n<\/div>","protected":false},"excerpt":{"rendered":"","protected":false},"author":2,"featured_media":0,"parent":2207,"menu_order":1,"comment_status":"closed","ping_status":"closed","template":"","meta":{"footnotes":""},"class_list":["post-1901","page","type-page","status-publish"],"yoast_head":"<!-- This site is optimized with the Yoast SEO plugin v27.5 - https:\/\/yoast.com\/product\/yoast-seo-wordpress\/ -->\n<title>Safe &amp; Supportive Learning Environment | Ignite Community School<\/title>\n<meta name=\"description\" content=\"A safe, supportive learning environment with small classes, caring teachers, and individualized plans so every student can thrive.\" \/>\n<meta name=\"robots\" content=\"index, follow, max-snippet:-1, max-image-preview:large, max-video-preview:-1\" \/>\n<link rel=\"canonical\" href=\"https:\/\/ignitecommunityschools.com\/es\/nuestro-programa\/entorno-de-aprendizaje\/\" \/>\n<meta property=\"og:locale\" content=\"es_MX\" \/>\n<meta property=\"og:type\" content=\"article\" \/>\n<meta property=\"og:title\" content=\"Safe &amp; Supportive Learning Environment | Ignite Community School\" \/>\n<meta property=\"og:description\" content=\"A safe, supportive learning environment with small classes, caring teachers, and individualized plans so every student can thrive.\" \/>\n<meta property=\"og:url\" content=\"https:\/\/ignitecommunityschools.com\/es\/nuestro-programa\/entorno-de-aprendizaje\/\" \/>\n<meta property=\"og:site_name\" content=\"Ignite Community School\" \/>\n<meta property=\"article:modified_time\" content=\"2023-08-16T15:43:43+00:00\" \/>\n<meta property=\"og:image\" content=\"https:\/\/ignitecommunityschools.com\/wp-content\/uploads\/2023\/02\/101921-responsiveed-ftw-kathytran-5886-web.webp\" \/>\n\t<meta property=\"og:image:width\" content=\"2000\" \/>\n\t<meta property=\"og:image:height\" content=\"1334\" \/>\n\t<meta property=\"og:image:type\" content=\"image\/webp\" \/>\n<meta name=\"twitter:card\" content=\"summary_large_image\" \/>\n<script type=\"application\/ld+json\" class=\"yoast-schema-graph\">{\"@context\":\"https:\\\/\\\/schema.org\",\"@graph\":[{\"@type\":\"WebPage\",\"@id\":\"https:\\\/\\\/ignitecommunityschools.com\\\/our-program\\\/learning-environment\\\/\",\"url\":\"https:\\\/\\\/ignitecommunityschools.com\\\/our-program\\\/learning-environment\\\/\",\"name\":\"Safe & Supportive Learning Environment | Ignite Community School\",\"isPartOf\":{\"@id\":\"https:\\\/\\\/ignitecommunityschools.com\\\/#website\"},\"datePublished\":\"2021-05-20T15:02:41+00:00\",\"dateModified\":\"2023-08-16T15:43:43+00:00\",\"description\":\"A safe, supportive learning environment with small classes, caring teachers, and individualized plans so every student can thrive.\",\"breadcrumb\":{\"@id\":\"https:\\\/\\\/ignitecommunityschools.com\\\/our-program\\\/learning-environment\\\/#breadcrumb\"},\"inLanguage\":\"es\",\"potentialAction\":[{\"@type\":\"ReadAction\",\"target\":[\"https:\\\/\\\/ignitecommunityschools.com\\\/our-program\\\/learning-environment\\\/\"]}]},{\"@type\":\"BreadcrumbList\",\"@id\":\"https:\\\/\\\/ignitecommunityschools.com\\\/our-program\\\/learning-environment\\\/#breadcrumb\",\"itemListElement\":[{\"@type\":\"ListItem\",\"position\":1,\"name\":\"Home\",\"item\":\"https:\\\/\\\/ignitecommunityschools.com\\\/\"},{\"@type\":\"ListItem\",\"position\":2,\"name\":\"Our Program\",\"item\":\"https:\\\/\\\/ignitecommunityschools.com\\\/our-program\\\/\"},{\"@type\":\"ListItem\",\"position\":3,\"name\":\"Learning Environment\"}]},{\"@type\":\"WebSite\",\"@id\":\"https:\\\/\\\/ignitecommunityschools.com\\\/#website\",\"url\":\"https:\\\/\\\/ignitecommunityschools.com\\\/\",\"name\":\"Ignite Community School\",\"description\":\"Ignite the Spark to Lead the Future\",\"publisher\":{\"@id\":\"https:\\\/\\\/ignitecommunityschools.com\\\/#organization\"},\"potentialAction\":[{\"@type\":\"SearchAction\",\"target\":{\"@type\":\"EntryPoint\",\"urlTemplate\":\"https:\\\/\\\/ignitecommunityschools.com\\\/?s={search_term_string}\"},\"query-input\":{\"@type\":\"PropertyValueSpecification\",\"valueRequired\":true,\"valueName\":\"search_term_string\"}}],\"inLanguage\":\"es\"},{\"@type\":\"Organization\",\"@id\":\"https:\\\/\\\/ignitecommunityschools.com\\\/#organization\",\"name\":\"Ignite Community School\",\"url\":\"https:\\\/\\\/ignitecommunityschools.com\\\/\",\"logo\":{\"@type\":\"ImageObject\",\"inLanguage\":\"es\",\"@id\":\"https:\\\/\\\/ignitecommunityschools.com\\\/#\\\/schema\\\/logo\\\/image\\\/\",\"url\":\"https:\\\/\\\/ignitecommunityschools.com\\\/wp-content\\\/uploads\\\/2021\\\/05\\\/2020-21-Logos_IgniteComunity-icon.png\",\"contentUrl\":\"https:\\\/\\\/ignitecommunityschools.com\\\/wp-content\\\/uploads\\\/2021\\\/05\\\/2020-21-Logos_IgniteComunity-icon.png\",\"width\":8001,\"height\":8001,\"caption\":\"Ignite Community School\"},\"image\":{\"@id\":\"https:\\\/\\\/ignitecommunityschools.com\\\/#\\\/schema\\\/logo\\\/image\\\/\"}}]}<\/script>\n<!-- \/ Yoast SEO plugin. -->","yoast_head_json":{"title":"Entorno de aprendizaje seguro y propicio | Escuela comunitaria Ignite","description":"Un entorno de aprendizaje seguro y propicio, con clases reducidas, maestros atentos y planes individualizados para que todos los estudiantes puedan prosperar.","robots":{"index":"index","follow":"follow","max-snippet":"max-snippet:-1","max-image-preview":"max-image-preview:large","max-video-preview":"max-video-preview:-1"},"canonical":"https:\/\/ignitecommunityschools.com\/es\/nuestro-programa\/entorno-de-aprendizaje\/","og_locale":"es_MX","og_type":"article","og_title":"Safe & Supportive Learning Environment | Ignite Community School","og_description":"A safe, supportive learning environment with small classes, caring teachers, and individualized plans so every student can thrive.","og_url":"https:\/\/ignitecommunityschools.com\/es\/nuestro-programa\/entorno-de-aprendizaje\/","og_site_name":"Ignite Community School","article_modified_time":"2023-08-16T15:43:43+00:00","og_image":[{"width":2000,"height":1334,"url":"https:\/\/ignitecommunityschools.com\/wp-content\/uploads\/2023\/02\/101921-responsiveed-ftw-kathytran-5886-web.webp","type":"image\/webp"}],"twitter_card":"summary_large_image","schema":{"@context":"https:\/\/schema.org","@graph":[{"@type":"WebPage","@id":"https:\/\/ignitecommunityschools.com\/our-program\/learning-environment\/","url":"https:\/\/ignitecommunityschools.com\/our-program\/learning-environment\/","name":"Entorno de aprendizaje seguro y propicio | Escuela comunitaria Ignite","isPartOf":{"@id":"https:\/\/ignitecommunityschools.com\/#website"},"datePublished":"2021-05-20T15:02:41+00:00","dateModified":"2023-08-16T15:43:43+00:00","description":"Un entorno de aprendizaje seguro y propicio, con clases reducidas, maestros atentos y planes individualizados para que todos los estudiantes puedan prosperar.","breadcrumb":{"@id":"https:\/\/ignitecommunityschools.com\/our-program\/learning-environment\/#breadcrumb"},"inLanguage":"es","potentialAction":[{"@type":"ReadAction","target":["https:\/\/ignitecommunityschools.com\/our-program\/learning-environment\/"]}]},{"@type":"BreadcrumbList","@id":"https:\/\/ignitecommunityschools.com\/our-program\/learning-environment\/#breadcrumb","itemListElement":[{"@type":"ListItem","position":1,"name":"Home","item":"https:\/\/ignitecommunityschools.com\/"},{"@type":"ListItem","position":2,"name":"Our Program","item":"https:\/\/ignitecommunityschools.com\/our-program\/"},{"@type":"ListItem","position":3,"name":"Learning Environment"}]},{"@type":"WebSite","@id":"https:\/\/ignitecommunityschools.com\/#website","url":"https:\/\/ignitecommunityschools.com\/","name":"Escuela Comunitaria Ignite","description":"Enciende la chispa para liderar el futuro","publisher":{"@id":"https:\/\/ignitecommunityschools.com\/#organization"},"potentialAction":[{"@type":"SearchAction","target":{"@type":"EntryPoint","urlTemplate":"https:\/\/ignitecommunityschools.com\/?s={search_term_string}"},"query-input":{"@type":"PropertyValueSpecification","valueRequired":true,"valueName":"search_term_string"}}],"inLanguage":"es"},{"@type":"Organization","@id":"https:\/\/ignitecommunityschools.com\/#organization","name":"Escuela Comunitaria Ignite","url":"https:\/\/ignitecommunityschools.com\/","logo":{"@type":"ImageObject","inLanguage":"es","@id":"https:\/\/ignitecommunityschools.com\/#\/schema\/logo\/image\/","url":"https:\/\/ignitecommunityschools.com\/wp-content\/uploads\/2021\/05\/2020-21-Logos_IgniteComunity-icon.png","contentUrl":"https:\/\/ignitecommunityschools.com\/wp-content\/uploads\/2021\/05\/2020-21-Logos_IgniteComunity-icon.png","width":8001,"height":8001,"caption":"Ignite Community School"},"image":{"@id":"https:\/\/ignitecommunityschools.com\/#\/schema\/logo\/image\/"}}]}},"_links":{"self":[{"href":"https:\/\/ignitecommunityschools.com\/es\/wp-json\/wp\/v2\/pages\/1901","targetHints":{"allow":["GET"]}}],"collection":[{"href":"https:\/\/ignitecommunityschools.com\/es\/wp-json\/wp\/v2\/pages"}],"about":[{"href":"https:\/\/ignitecommunityschools.com\/es\/wp-json\/wp\/v2\/types\/page"}],"author":[{"embeddable":true,"href":"https:\/\/ignitecommunityschools.com\/es\/wp-json\/wp\/v2\/users\/2"}],"replies":[{"embeddable":true,"href":"https:\/\/ignitecommunityschools.com\/es\/wp-json\/wp\/v2\/comments?post=1901"}],"version-history":[{"count":0,"href":"https:\/\/ignitecommunityschools.com\/es\/wp-json\/wp\/v2\/pages\/1901\/revisions"}],"up":[{"embeddable":true,"href":"https:\/\/ignitecommunityschools.com\/es\/wp-json\/wp\/v2\/pages\/2207"}],"wp:attachment":[{"href":"https:\/\/ignitecommunityschools.com\/es\/wp-json\/wp\/v2\/media?parent=1901"}],"curies":[{"name":"wp","href":"https:\/\/api.w.org\/{rel}","templated":true}]}}