{"id":1332,"date":"2021-02-03T16:12:06","date_gmt":"2021-02-03T16:12:06","guid":{"rendered":"http:\/\/ignitecomsch.wpengine.com\/?page_id=1332"},"modified":"2026-01-29T22:46:17","modified_gmt":"2026-01-29T22:46:17","slug":"escuela-autonoma","status":"publish","type":"page","link":"https:\/\/ignitecommunityschools.com\/es\/about\/charter-school\/","title":{"rendered":"Escuela aut\u00f3noma"},"content":{"rendered":"<div class=\"wp-block-toolset-blocks-container tb-container\" data-toolset-blocks-container=\"ecaf0e830924911e8a9a96bdaf1ebc91\">\n<h1 class=\"tb-heading has-text-color\" data-toolset-blocks-heading=\"926c1970f583c63c0cad7db66a716a46\" data-last-update=\"1.4\"><strong>ESCUELA CHARTER<\/strong><\/h1>\n<\/div>\n\n\n\n<div class=\"wp-block-toolset-blocks-container tb-container\" data-toolset-blocks-container=\"5e6d3f383a99cad1b49a44a027230b89\">\n<div class=\"tb-fields-and-text\" data-toolset-blocks-fields-and-text=\"d1075fa7583c6ded66ccf194dc9c1731\"><h4 style=\"text-align: center;\"><em><strong>Creemos que<\/strong> las familias deber\u00edan poder elegir la escuela que mejor se adapte a sus necesidades educativas.<\/em><\/h4><\/div>\n\n\n\n<figure class=\"wp-block-embed is-type-video is-provider-vimeo wp-block-embed-vimeo wp-embed-aspect-16-9 wp-has-aspect-ratio\"><div class=\"wp-block-embed__wrapper\">\n<iframe loading=\"lazy\" title=\"ICS_ELECCI\u00d3N DE ESCUELA\" src=\"https:\/\/player.vimeo.com\/video\/806072770?dnt=1&amp;app_id=122963\" width=\"1200\" height=\"675\" frameborder=\"0\" allow=\"autoplay; fullscreen; picture-in-picture\"><\/iframe>\n<\/div><\/figure>\n\n\n\n<div class=\"tb-fields-and-text\" data-toolset-blocks-fields-and-text=\"b80b2d8665af81dd84054f1515dbf56c\"><p style=\"text-align: center;\">Dado que las escuelas ch\u00e1rter son escuelas p\u00fablicas, est\u00e1n abiertas a todos los ni\u00f1os, son gratuitas, no tienen requisitos especiales de admisi\u00f3n y no est\u00e1n asociadas con ninguna religi\u00f3n. Las escuelas ch\u00e1rter p\u00fablicas var\u00edan en su misi\u00f3n y modelo, atendiendo a una amplia gama de estudiantes, muchos de ellos con necesidades que van m\u00e1s all\u00e1 de las de una escuela p\u00fablica tradicional con un enfoque \u00fanico.<\/p><\/div>\n\n\n\n<div class=\"tb-button\" data-toolset-blocks-button=\"ad8a4c72dc1f4320ba425193f183c05d\"><a class=\"tb-button__link\" href=\"https:\/\/txcharterschools.org\/\" target=\"_blank\" rel=\"noopener\"><i class=\"tb-button__icon\"><\/i><span class=\"tb-button__content\">txcharterschools.org<\/span><\/a><\/div>\n<\/div>\n\n\n\n<div class=\"wp-block-toolset-blocks-container tb-container\" data-toolset-blocks-container=\"24dcda94bb98c04578094e4a7caa33fa\">\n<div class=\"wp-block-toolset-blocks-grid tb-grid\" data-toolset-blocks-grid=\"356d89a0cd305cbec9438273423c80bb\">\n<div class=\"wp-block-toolset-blocks-grid-column tb-grid-column tb-grid-align-center\" data-toolset-blocks-grid-column=\"f586ff7bfe1d7317c63162ec7b7039ed\">\n<figure class=\"wp-block-embed is-type-video is-provider-youtube wp-block-embed-youtube wp-embed-aspect-16-9 wp-has-aspect-ratio\"><div class=\"wp-block-embed__wrapper\">\n<iframe loading=\"lazy\" title=\"\u00bfQu\u00e9 es una escuela aut\u00f3noma?\" width=\"1200\" height=\"675\" src=\"https:\/\/www.youtube.com\/embed\/dJp71WQEqaI?start=1&#038;feature=oembed&#038;enablejsapi=1&#038;origin=https:\/\/ignitecommunityschools.com\" frameborder=\"0\" allow=\"accelerometer; autoplay; clipboard-write; encrypted-media; gyroscope; picture-in-picture; web-share\" allowfullscreen><\/iframe>\n<\/div><\/figure>\n<\/div>\n\n\n\n<div class=\"wp-block-toolset-blocks-grid-column tb-grid-column tb-grid-align-center\" data-toolset-blocks-grid-column=\"f586ff7bfe1d7317c63162ec7b7039ed\">\n<h3 class=\"tb-heading has-text-color\" data-toolset-blocks-heading=\"2dabc6e0bdfb736a9a9ec6a159e38723\" data-last-update=\"1.4\">\u00bfQu\u00e9 es una escuela charter?<\/h3>\n\n\n\n<div class=\"tb-fields-and-text\" data-toolset-blocks-fields-and-text=\"0e5dd388a1bd417fc419f8bc5f038a0d\"><p>Las escuelas ch\u00e1rter p\u00fablicas son de inscripci\u00f3n abierta, gratuitas, de libre elecci\u00f3n y est\u00e1n abiertas a todo estudiante que desee matricularse. La Legislatura de Texas autoriz\u00f3 su creaci\u00f3n en 1995 para ofrecer a las familias opciones de escuelas p\u00fablicas en sus comunidades. Se crearon con la idea de que una menor regulaci\u00f3n estatal podr\u00eda fomentar la innovaci\u00f3n en todas las escuelas p\u00fablicas. Est\u00e1n autorizadas, supervisadas y rinden cuentas seg\u00fan los mismos est\u00e1ndares acad\u00e9micos y financieros que las escuelas p\u00fablicas tradicionales. No existen zonas escolares para las escuelas ch\u00e1rter. Si reside en el estado.<\/p>\n<p>\u00a0<\/p>\n<p><a href=\"https:\/\/tea.texas.gov\/\" target=\"_blank\" rel=\"noopener\"><i><span style=\"font-weight: 400;\">t\u00e9.texas.gov<\/span><\/i><\/a><\/p><\/div>\n<\/div>\n<\/div>\n<\/div>\n\n\n\n<div class=\"wp-block-toolset-blocks-container tb-container\" data-toolset-blocks-container=\"24dcda94bb98c04578094e4a7caa33fa\">\n<div class=\"wp-block-toolset-blocks-container tb-container\" data-toolset-blocks-container=\"76b9e19aebd78b467b04c64acfe33167\">\n<h3 class=\"tb-heading has-text-color\" data-toolset-blocks-heading=\"2dabc6e0bdfb736a9a9ec6a159e38723\" data-last-update=\"1.4\">Por qu\u00e9 es importante la elecci\u00f3n de escuela<\/h3>\n\n\n\n<div class=\"tb-fields-and-text\" data-toolset-blocks-fields-and-text=\"0e5dd388a1bd417fc419f8bc5f038a0d\"><p>Las escuelas ch\u00e1rter son sumamente importantes, ya que permiten a los padres tomar decisiones informadas sobre la educaci\u00f3n de sus hijos y les ofrecen una alternativa cuando las escuelas tradicionales no se adaptan a sus necesidades. Las escuelas ch\u00e1rter ofrecen a las familias la oportunidad de elegir el entorno de aprendizaje y el estilo educativo que mejor se adapte a sus hijos, brind\u00e1ndoles una instrucci\u00f3n m\u00e1s personalizada y enfocada. Estas escuelas tambi\u00e9n ofrecen mayor flexibilidad en la definici\u00f3n del curr\u00edculo, lo que significa que los padres pueden seleccionar el tipo de programa acad\u00e9mico que le interese a su hijo. Adem\u00e1s, las escuelas ch\u00e1rter suelen estar ubicadas en comunidades de bajos ingresos, brindando oportunidades educativas de calidad a ni\u00f1os en zonas marginadas. Las escuelas ch\u00e1rter pueden ser la opci\u00f3n perfecta para los padres que desean brindar a sus hijos las mejores oportunidades de \u00e9xito y brindarles m\u00e1s opciones y libertad para encontrar la opci\u00f3n m\u00e1s adecuada.<\/p><\/div>\n<\/div>\n<\/div>","protected":false},"excerpt":{"rendered":"","protected":false},"author":2,"featured_media":0,"parent":826,"menu_order":0,"comment_status":"closed","ping_status":"closed","template":"","meta":{"footnotes":""},"class_list":["post-1332","page","type-page","status-publish"],"yoast_head":"<!-- This site is optimized with the Yoast SEO plugin v27.5 - https:\/\/yoast.com\/product\/yoast-seo-wordpress\/ -->\n<title>What Is a Charter School? | Ignite Community School Model<\/title>\n<meta name=\"description\" content=\"What is a charter school? Discover how Ignite provides tuition-free public education with flexible, student-centered learning pathways.\" \/>\n<meta name=\"robots\" content=\"index, follow, max-snippet:-1, max-image-preview:large, max-video-preview:-1\" \/>\n<link rel=\"canonical\" href=\"https:\/\/ignitecommunityschools.com\/es\/acerca-de\/escuela-autonoma\/\" \/>\n<meta property=\"og:locale\" content=\"es_MX\" \/>\n<meta property=\"og:type\" content=\"article\" \/>\n<meta property=\"og:title\" content=\"What Is a Charter School? | Ignite Community School Model\" \/>\n<meta property=\"og:description\" content=\"What is a charter school? Discover how Ignite provides tuition-free public education with flexible, student-centered learning pathways.\" \/>\n<meta property=\"og:url\" content=\"https:\/\/ignitecommunityschools.com\/es\/acerca-de\/escuela-autonoma\/\" \/>\n<meta property=\"og:site_name\" content=\"Ignite Community School\" \/>\n<meta property=\"article:modified_time\" content=\"2026-01-29T22:46:17+00:00\" \/>\n<meta property=\"og:image\" content=\"https:\/\/ignitecommunityschools.com\/wp-content\/uploads\/2023\/02\/101921-responsiveed-ftw-kathytran-5886-web.webp\" \/>\n\t<meta property=\"og:image:width\" content=\"2000\" \/>\n\t<meta property=\"og:image:height\" content=\"1334\" \/>\n\t<meta property=\"og:image:type\" content=\"image\/webp\" \/>\n<meta name=\"twitter:card\" content=\"summary_large_image\" \/>\n<script type=\"application\/ld+json\" class=\"yoast-schema-graph\">{\"@context\":\"https:\\\/\\\/schema.org\",\"@graph\":[{\"@type\":\"WebPage\",\"@id\":\"https:\\\/\\\/ignitecommunityschools.com\\\/about\\\/charter-school\\\/\",\"url\":\"https:\\\/\\\/ignitecommunityschools.com\\\/about\\\/charter-school\\\/\",\"name\":\"What Is a Charter School? | Ignite Community School Model\",\"isPartOf\":{\"@id\":\"https:\\\/\\\/ignitecommunityschools.com\\\/#website\"},\"datePublished\":\"2021-02-03T16:12:06+00:00\",\"dateModified\":\"2026-01-29T22:46:17+00:00\",\"description\":\"What is a charter school? Discover how Ignite provides tuition-free public education with flexible, student-centered learning pathways.\",\"breadcrumb\":{\"@id\":\"https:\\\/\\\/ignitecommunityschools.com\\\/about\\\/charter-school\\\/#breadcrumb\"},\"inLanguage\":\"es\",\"potentialAction\":[{\"@type\":\"ReadAction\",\"target\":[\"https:\\\/\\\/ignitecommunityschools.com\\\/about\\\/charter-school\\\/\"]}]},{\"@type\":\"BreadcrumbList\",\"@id\":\"https:\\\/\\\/ignitecommunityschools.com\\\/about\\\/charter-school\\\/#breadcrumb\",\"itemListElement\":[{\"@type\":\"ListItem\",\"position\":1,\"name\":\"Home\",\"item\":\"https:\\\/\\\/ignitecommunityschools.com\\\/\"},{\"@type\":\"ListItem\",\"position\":2,\"name\":\"About\",\"item\":\"https:\\\/\\\/ignitecommunityschools.com\\\/about\\\/\"},{\"@type\":\"ListItem\",\"position\":3,\"name\":\"Charter School\"}]},{\"@type\":\"WebSite\",\"@id\":\"https:\\\/\\\/ignitecommunityschools.com\\\/#website\",\"url\":\"https:\\\/\\\/ignitecommunityschools.com\\\/\",\"name\":\"Ignite Community School\",\"description\":\"Ignite the Spark to Lead the Future\",\"publisher\":{\"@id\":\"https:\\\/\\\/ignitecommunityschools.com\\\/#organization\"},\"potentialAction\":[{\"@type\":\"SearchAction\",\"target\":{\"@type\":\"EntryPoint\",\"urlTemplate\":\"https:\\\/\\\/ignitecommunityschools.com\\\/?s={search_term_string}\"},\"query-input\":{\"@type\":\"PropertyValueSpecification\",\"valueRequired\":true,\"valueName\":\"search_term_string\"}}],\"inLanguage\":\"es\"},{\"@type\":\"Organization\",\"@id\":\"https:\\\/\\\/ignitecommunityschools.com\\\/#organization\",\"name\":\"Ignite Community School\",\"url\":\"https:\\\/\\\/ignitecommunityschools.com\\\/\",\"logo\":{\"@type\":\"ImageObject\",\"inLanguage\":\"es\",\"@id\":\"https:\\\/\\\/ignitecommunityschools.com\\\/#\\\/schema\\\/logo\\\/image\\\/\",\"url\":\"https:\\\/\\\/ignitecommunityschools.com\\\/wp-content\\\/uploads\\\/2021\\\/05\\\/2020-21-Logos_IgniteComunity-icon.png\",\"contentUrl\":\"https:\\\/\\\/ignitecommunityschools.com\\\/wp-content\\\/uploads\\\/2021\\\/05\\\/2020-21-Logos_IgniteComunity-icon.png\",\"width\":8001,\"height\":8001,\"caption\":\"Ignite Community School\"},\"image\":{\"@id\":\"https:\\\/\\\/ignitecommunityschools.com\\\/#\\\/schema\\\/logo\\\/image\\\/\"}}]}<\/script>\n<!-- \/ Yoast SEO plugin. -->","yoast_head_json":{"title":"\u00bfQu\u00e9 es una escuela aut\u00f3noma? | Modelo de escuela comunitaria Ignite","description":"\u00bfQu\u00e9 es una escuela aut\u00f3noma? Descubre c\u00f3mo Ignite ofrece educaci\u00f3n p\u00fablica gratuita con itinerarios de aprendizaje flexibles y centrados en el estudiante.","robots":{"index":"index","follow":"follow","max-snippet":"max-snippet:-1","max-image-preview":"max-image-preview:large","max-video-preview":"max-video-preview:-1"},"canonical":"https:\/\/ignitecommunityschools.com\/es\/acerca-de\/escuela-autonoma\/","og_locale":"es_MX","og_type":"article","og_title":"What Is a Charter School? | Ignite Community School Model","og_description":"What is a charter school? Discover how Ignite provides tuition-free public education with flexible, student-centered learning pathways.","og_url":"https:\/\/ignitecommunityschools.com\/es\/acerca-de\/escuela-autonoma\/","og_site_name":"Ignite Community School","article_modified_time":"2026-01-29T22:46:17+00:00","og_image":[{"width":2000,"height":1334,"url":"https:\/\/ignitecommunityschools.com\/wp-content\/uploads\/2023\/02\/101921-responsiveed-ftw-kathytran-5886-web.webp","type":"image\/webp"}],"twitter_card":"summary_large_image","schema":{"@context":"https:\/\/schema.org","@graph":[{"@type":"WebPage","@id":"https:\/\/ignitecommunityschools.com\/about\/charter-school\/","url":"https:\/\/ignitecommunityschools.com\/about\/charter-school\/","name":"\u00bfQu\u00e9 es una escuela aut\u00f3noma? | Modelo de escuela comunitaria Ignite","isPartOf":{"@id":"https:\/\/ignitecommunityschools.com\/#website"},"datePublished":"2021-02-03T16:12:06+00:00","dateModified":"2026-01-29T22:46:17+00:00","description":"\u00bfQu\u00e9 es una escuela aut\u00f3noma? Descubre c\u00f3mo Ignite ofrece educaci\u00f3n p\u00fablica gratuita con itinerarios de aprendizaje flexibles y centrados en el estudiante.","breadcrumb":{"@id":"https:\/\/ignitecommunityschools.com\/about\/charter-school\/#breadcrumb"},"inLanguage":"es","potentialAction":[{"@type":"ReadAction","target":["https:\/\/ignitecommunityschools.com\/about\/charter-school\/"]}]},{"@type":"BreadcrumbList","@id":"https:\/\/ignitecommunityschools.com\/about\/charter-school\/#breadcrumb","itemListElement":[{"@type":"ListItem","position":1,"name":"Home","item":"https:\/\/ignitecommunityschools.com\/"},{"@type":"ListItem","position":2,"name":"About","item":"https:\/\/ignitecommunityschools.com\/about\/"},{"@type":"ListItem","position":3,"name":"Charter School"}]},{"@type":"WebSite","@id":"https:\/\/ignitecommunityschools.com\/#website","url":"https:\/\/ignitecommunityschools.com\/","name":"Escuela Comunitaria Ignite","description":"Enciende la chispa para liderar el futuro","publisher":{"@id":"https:\/\/ignitecommunityschools.com\/#organization"},"potentialAction":[{"@type":"SearchAction","target":{"@type":"EntryPoint","urlTemplate":"https:\/\/ignitecommunityschools.com\/?s={search_term_string}"},"query-input":{"@type":"PropertyValueSpecification","valueRequired":true,"valueName":"search_term_string"}}],"inLanguage":"es"},{"@type":"Organization","@id":"https:\/\/ignitecommunityschools.com\/#organization","name":"Escuela Comunitaria Ignite","url":"https:\/\/ignitecommunityschools.com\/","logo":{"@type":"ImageObject","inLanguage":"es","@id":"https:\/\/ignitecommunityschools.com\/#\/schema\/logo\/image\/","url":"https:\/\/ignitecommunityschools.com\/wp-content\/uploads\/2021\/05\/2020-21-Logos_IgniteComunity-icon.png","contentUrl":"https:\/\/ignitecommunityschools.com\/wp-content\/uploads\/2021\/05\/2020-21-Logos_IgniteComunity-icon.png","width":8001,"height":8001,"caption":"Ignite Community School"},"image":{"@id":"https:\/\/ignitecommunityschools.com\/#\/schema\/logo\/image\/"}}]}},"_links":{"self":[{"href":"https:\/\/ignitecommunityschools.com\/es\/wp-json\/wp\/v2\/pages\/1332","targetHints":{"allow":["GET"]}}],"collection":[{"href":"https:\/\/ignitecommunityschools.com\/es\/wp-json\/wp\/v2\/pages"}],"about":[{"href":"https:\/\/ignitecommunityschools.com\/es\/wp-json\/wp\/v2\/types\/page"}],"author":[{"embeddable":true,"href":"https:\/\/ignitecommunityschools.com\/es\/wp-json\/wp\/v2\/users\/2"}],"replies":[{"embeddable":true,"href":"https:\/\/ignitecommunityschools.com\/es\/wp-json\/wp\/v2\/comments?post=1332"}],"version-history":[{"count":0,"href":"https:\/\/ignitecommunityschools.com\/es\/wp-json\/wp\/v2\/pages\/1332\/revisions"}],"up":[{"embeddable":true,"href":"https:\/\/ignitecommunityschools.com\/es\/wp-json\/wp\/v2\/pages\/826"}],"wp:attachment":[{"href":"https:\/\/ignitecommunityschools.com\/es\/wp-json\/wp\/v2\/media?parent=1332"}],"curies":[{"name":"wp","href":"https:\/\/api.w.org\/{rel}","templated":true}]}}